{"id":646,"date":"2022-08-17T14:06:28","date_gmt":"2022-08-17T12:06:28","guid":{"rendered":"https:\/\/lescreasdelia.com\/?post_type=product&#038;p=646"},"modified":"2025-07-01T00:02:29","modified_gmt":"2025-06-30T22:02:29","slug":"tutoriel-patron-crochet-pdf","status":"publish","type":"product","link":"https:\/\/lescreasdelia.com\/?product=tutoriel-patron-crochet-pdf","title":{"rendered":"Patron au Crochet de Dom&rsquo;lapin &#8211; Tutoriel Amigurumi \u00e0 t\u00e9l\u00e9charger en Francais"},"content":{"rendered":"<blockquote><p>\ud83d\udc30 Tutoriel crochet \u00e0 t\u00e9l\u00e9charger en Fran\u00e7ais de l&rsquo;amigurumi DOM&rsquo;LAPIN la peluche en laine \u00e0 crocheter soi-m\u00eame &#8211; accessible au d\u00e9butant.<\/p><\/blockquote>\n<p>\ud83d\udcd6Le patron du lapin comprend 21 pages avec toutes les \u00e9tapes pas \u00e0 pas et plus de 30 photos explicatives pour r\u00e9aliser votre peluche.<\/p>\n<p>\ud83d\ude0aNiveau d\u00e9butant : le seul point utilis\u00e9 est la maille serr\u00e9e simple et maille serr\u00e9e dans le brin arri\u00e8re.<\/p>\n<p>( explications avec images \u00e9tapes par \u00e9tapes)<\/p>\n<p>\ud83d\udc30La peluche finale mesure approximativement 11cm mais la taille varie selon la laine et le crochet que vous utiliserez.<\/p>\n<p>Pour ce mod\u00e8le d&rsquo;amigurumi j&rsquo;ai utilis\u00e9 la laine de la marque ricorumi 100% coton avec un crochet 2,5.<\/p>\n<p>\ud83e\uddf6Vous avez besoin d&rsquo;un crochet taille 2,5 et de la laine 100% coton marquericorumi , un marqueur de rang ,de la ouate de rembourrage, une aiguille pour la couture et du fil \u00e0 broder ou des yeux de s\u00e9curit\u00e9 \u00e0 clipper.<\/p>\n<p>Ce patron ne peut \u00eatre modifi\u00e9 , reproduit ou publi\u00e9 en partie ou enti\u00e8rement ou \u00eatre revendu.<\/p>\n<p>Vous recevrez le fichier pdf imm\u00e9diatement apr\u00e8s paiement dans votre bo\u00eete mail .<\/p>\n<p>Si vous avez des questions, n&rsquo;h\u00e9sitez pas \u00e0 me contacter : <a href=\"mailto:Lescreasdelia@outlook.fr\">Lescreasdelia@outlook.fr<\/a><\/p>\n<p>Pour en savoir plus ,pensez \u00e0 visiter mes r\u00e9seaux sociaux :<\/p>\n<ul>\n<li>Instagram <a href=\"https:\/\/www.instagram.com\/les_creas_de_lia\/\">https:\/\/www.instagram.com\/les_creas_de_lia\/ <\/a><\/li>\n<li>Facebook <a href=\"https:\/\/www.facebook.com\/lescreasdeliafaitmain\/\">https:\/\/www.facebook.com\/lescreasdeliafaitmain\/<\/a><\/li>\n<li>Mon <a href=\"https:\/\/lescreasdelia.com\/?page_id=228\">Blog DIY CROCHET<\/a><\/li>\n<\/ul>\n","protected":false},"excerpt":{"rendered":"<blockquote><p>Patron au crochet \u00e0 t\u00e9l\u00e9charger pour r\u00e9aliser son propre Amigurumi DOM&rsquo;LAPIN<\/p><\/blockquote>\n<p>Le tutoriel est d\u00e9taill\u00e9 pas \u00e0 pas avec de nombreuses photos pour une meilleure compr\u00e9hension de chaque \u00e9tape.<\/p>\n<p>En Fran\u00e7ais uniquement<\/p>\n<p>Niveau facile<\/p>\n<p>Le Fichier est \u00e0 t\u00e9l\u00e9charger imm\u00e9diatement apr\u00e8s votre achat sur votre boite mail !!!<\/p>\n<p>Les retours et \u00e9changes ne sont pas accept\u00e9s<\/p>\n","protected":false},"featured_media":4631,"comment_status":"open","ping_status":"closed","template":"elementor_theme","meta":{"_crdt_document":"","jetpack_publicize_message":"","jetpack_publicize_feature_enabled":true,"jetpack_social_post_already_shared":true,"jetpack_social_options":{"image_generator_settings":{"template":"highway","default_image_id":0,"font":"","enabled":false},"version":2}},"product_brand":[],"product_cat":[752348807],"product_tag":[752348795,752348835,752348805,752348838,752348944,752348909,752348799,752348796,752348798,752348910,752348804,752349085,752348982,752349080,752348806,752348794,752348802,752348808,752348797,752348800,752348801],"class_list":{"0":"post-646","1":"product","2":"type-product","3":"status-publish","4":"has-post-thumbnail","6":"product_cat-patron-crochet-telechargeable","7":"product_tag-amigurumi","8":"product_tag-amigurumi-animaux","9":"product_tag-animaux-en-laine","10":"product_tag-crochet-debutant","11":"product_tag-decoration-au-crochet","12":"product_tag-decoration-pour-paques","13":"product_tag-diy","14":"product_tag-faire-soi-meme","15":"product_tag-lapin-au-crochet","16":"product_tag-lapin-de-paques","17":"product_tag-lapin-mignon","18":"product_tag-modele-au-crochet","19":"product_tag-modeles-amigurumis","20":"product_tag-motif-au-crochet","21":"product_tag-patron-peluche-lapin","22":"product_tag-patron-telechargeable","23":"product_tag-peluche-animaux","24":"product_tag-peluche-crochetee","25":"product_tag-realiser-son-propre-amigurumi","26":"product_tag-tutoriel-au-crochet","27":"product_tag-tutoriel-en-francais","28":"has-single-img","30":"first","31":"instock","32":"featured","33":"downloadable","34":"virtual","35":"sold-individually","36":"taxable","37":"purchasable","38":"product-type-simple"},"yoast_head":"<!-- This site is optimized with the Yoast SEO plugin v27.4 - https:\/\/yoast.com\/product\/yoast-seo-wordpress\/ -->\n<title>Tutoriel Patron crochet PDF t\u00e9l\u00e9chargeable en Fran\u00e7ais<\/title>\n<meta name=\"description\" content=\"DOM&#039;LAPIN- Tutoriel Patron au crochet avec PDF en fran\u00e7ais \u00e0 t\u00e9l\u00e9charger pour r\u00e9aliser son propre amigurumi Peluche en laine\" \/>\n<meta name=\"robots\" content=\"index, follow, max-snippet:-1, max-image-preview:large, max-video-preview:-1\" \/>\n<link rel=\"canonical\" href=\"https:\/\/lescreasdelia.com\/?product=tutoriel-patron-crochet-pdf\" \/>\n<meta property=\"og:locale\" content=\"fr_FR\" \/>\n<meta property=\"og:type\" content=\"article\" \/>\n<meta property=\"og:title\" content=\"Tutoriel Patron crochet PDF t\u00e9l\u00e9chargeable en Fran\u00e7ais\" \/>\n<meta property=\"og:description\" content=\"DOM&#039;LAPIN- Tutoriel Patron au crochet avec PDF en fran\u00e7ais \u00e0 t\u00e9l\u00e9charger pour r\u00e9aliser son propre amigurumi Peluche en laine\" \/>\n<meta property=\"og:url\" content=\"https:\/\/lescreasdelia.com\/?product=tutoriel-patron-crochet-pdf\" \/>\n<meta property=\"og:site_name\" content=\"Les Cr\u00e9as de Lia\" \/>\n<meta property=\"article:publisher\" content=\"https:\/\/www.facebook.com\/lescreasdeliafaitmain\/\" \/>\n<meta property=\"article:modified_time\" content=\"2025-06-30T22:02:29+00:00\" \/>\n<meta property=\"og:image\" content=\"https:\/\/lescreasdelia.com\/wp-content\/uploads\/2024\/04\/1000003766.jpg\" \/>\n\t<meta property=\"og:image:width\" content=\"1080\" \/>\n\t<meta property=\"og:image:height\" content=\"1080\" \/>\n\t<meta property=\"og:image:type\" content=\"image\/jpeg\" \/>\n<meta name=\"twitter:card\" content=\"summary_large_image\" \/>\n<meta name=\"twitter:label1\" content=\"Dur\u00e9e de lecture estim\u00e9e\" \/>\n\t<meta name=\"twitter:data1\" content=\"2 minutes\" \/>\n<script type=\"application\/ld+json\" class=\"yoast-schema-graph\">{\"@context\":\"https:\\\/\\\/schema.org\",\"@graph\":[{\"@type\":\"WebPage\",\"@id\":\"https:\\\/\\\/lescreasdelia.com\\\/?product=tutoriel-patron-crochet-pdf\",\"url\":\"https:\\\/\\\/lescreasdelia.com\\\/?product=tutoriel-patron-crochet-pdf\",\"name\":\"Tutoriel Patron crochet PDF t\u00e9l\u00e9chargeable en Fran\u00e7ais\",\"isPartOf\":{\"@id\":\"https:\\\/\\\/lescreasdelia.com\\\/#website\"},\"primaryImageOfPage\":{\"@id\":\"https:\\\/\\\/lescreasdelia.com\\\/?product=tutoriel-patron-crochet-pdf#primaryimage\"},\"image\":{\"@id\":\"https:\\\/\\\/lescreasdelia.com\\\/?product=tutoriel-patron-crochet-pdf#primaryimage\"},\"thumbnailUrl\":\"https:\\\/\\\/i0.wp.com\\\/lescreasdelia.com\\\/wp-content\\\/uploads\\\/2024\\\/04\\\/1000003766.jpg?fit=1080%2C1080&ssl=1\",\"datePublished\":\"2022-08-17T12:06:28+00:00\",\"dateModified\":\"2025-06-30T22:02:29+00:00\",\"description\":\"DOM'LAPIN- Tutoriel Patron au crochet avec PDF en fran\u00e7ais \u00e0 t\u00e9l\u00e9charger pour r\u00e9aliser son propre amigurumi Peluche en laine\",\"breadcrumb\":{\"@id\":\"https:\\\/\\\/lescreasdelia.com\\\/?product=tutoriel-patron-crochet-pdf#breadcrumb\"},\"inLanguage\":\"fr-FR\",\"potentialAction\":[{\"@type\":\"ReadAction\",\"target\":[\"https:\\\/\\\/lescreasdelia.com\\\/?product=tutoriel-patron-crochet-pdf\"]}]},{\"@type\":\"ImageObject\",\"inLanguage\":\"fr-FR\",\"@id\":\"https:\\\/\\\/lescreasdelia.com\\\/?product=tutoriel-patron-crochet-pdf#primaryimage\",\"url\":\"https:\\\/\\\/i0.wp.com\\\/lescreasdelia.com\\\/wp-content\\\/uploads\\\/2024\\\/04\\\/1000003766.jpg?fit=1080%2C1080&ssl=1\",\"contentUrl\":\"https:\\\/\\\/i0.wp.com\\\/lescreasdelia.com\\\/wp-content\\\/uploads\\\/2024\\\/04\\\/1000003766.jpg?fit=1080%2C1080&ssl=1\",\"width\":1080,\"height\":1080},{\"@type\":\"BreadcrumbList\",\"@id\":\"https:\\\/\\\/lescreasdelia.com\\\/?product=tutoriel-patron-crochet-pdf#breadcrumb\",\"itemListElement\":[{\"@type\":\"ListItem\",\"position\":1,\"name\":\"Accueil\",\"item\":\"https:\\\/\\\/lescreasdelia.com\\\/\"},{\"@type\":\"ListItem\",\"position\":2,\"name\":\"Boutique\",\"item\":\"https:\\\/\\\/lescreasdelia.com\\\/\"},{\"@type\":\"ListItem\",\"position\":3,\"name\":\"Patrons Amigurumis au Crochet\",\"item\":\"https:\\\/\\\/lescreasdelia.com\\\/?product_cat=patron-crochet-telechargeable\"},{\"@type\":\"ListItem\",\"position\":4,\"name\":\"Patron au Crochet de Dom&rsquo;lapin &#8211; Tutoriel Amigurumi \u00e0 t\u00e9l\u00e9charger en Francais\"}]},{\"@type\":\"WebSite\",\"@id\":\"https:\\\/\\\/lescreasdelia.com\\\/#website\",\"url\":\"https:\\\/\\\/lescreasdelia.com\\\/\",\"name\":\"Les Cr\u00e9as de Lia\",\"description\":\"BLOG DIY Crochet &amp; Boutique Patrons Amigurumis et Accessoires Fait-main\",\"publisher\":{\"@id\":\"https:\\\/\\\/lescreasdelia.com\\\/#organization\"},\"potentialAction\":[{\"@type\":\"SearchAction\",\"target\":{\"@type\":\"EntryPoint\",\"urlTemplate\":\"https:\\\/\\\/lescreasdelia.com\\\/?s={search_term_string}\"},\"query-input\":{\"@type\":\"PropertyValueSpecification\",\"valueRequired\":true,\"valueName\":\"search_term_string\"}}],\"inLanguage\":\"fr-FR\"},{\"@type\":\"Organization\",\"@id\":\"https:\\\/\\\/lescreasdelia.com\\\/#organization\",\"name\":\"Les Cr\u00e9as de Lia\",\"url\":\"https:\\\/\\\/lescreasdelia.com\\\/\",\"logo\":{\"@type\":\"ImageObject\",\"inLanguage\":\"fr-FR\",\"@id\":\"https:\\\/\\\/lescreasdelia.com\\\/#\\\/schema\\\/logo\\\/image\\\/\",\"url\":\"https:\\\/\\\/i0.wp.com\\\/lescreasdelia.com\\\/wp-content\\\/uploads\\\/2022\\\/05\\\/cropped-cropped-logo-1.jpg?fit=657%2C657&ssl=1\",\"contentUrl\":\"https:\\\/\\\/i0.wp.com\\\/lescreasdelia.com\\\/wp-content\\\/uploads\\\/2022\\\/05\\\/cropped-cropped-logo-1.jpg?fit=657%2C657&ssl=1\",\"width\":657,\"height\":657,\"caption\":\"Les Cr\u00e9as de Lia\"},\"image\":{\"@id\":\"https:\\\/\\\/lescreasdelia.com\\\/#\\\/schema\\\/logo\\\/image\\\/\"},\"sameAs\":[\"https:\\\/\\\/www.facebook.com\\\/lescreasdeliafaitmain\\\/\",\"https:\\\/\\\/www.instagram.com\\\/les_creas_de_lia\\\/\",\"https:\\\/\\\/pin.it\\\/r0pH1pr\"]}]}<\/script>\n<!-- \/ Yoast SEO plugin. -->","yoast_head_json":{"title":"Tutoriel Patron crochet PDF t\u00e9l\u00e9chargeable en Fran\u00e7ais","description":"DOM'LAPIN- Tutoriel Patron au crochet avec PDF en fran\u00e7ais \u00e0 t\u00e9l\u00e9charger pour r\u00e9aliser son propre amigurumi Peluche en laine","robots":{"index":"index","follow":"follow","max-snippet":"max-snippet:-1","max-image-preview":"max-image-preview:large","max-video-preview":"max-video-preview:-1"},"canonical":"https:\/\/lescreasdelia.com\/?product=tutoriel-patron-crochet-pdf","og_locale":"fr_FR","og_type":"article","og_title":"Tutoriel Patron crochet PDF t\u00e9l\u00e9chargeable en Fran\u00e7ais","og_description":"DOM'LAPIN- Tutoriel Patron au crochet avec PDF en fran\u00e7ais \u00e0 t\u00e9l\u00e9charger pour r\u00e9aliser son propre amigurumi Peluche en laine","og_url":"https:\/\/lescreasdelia.com\/?product=tutoriel-patron-crochet-pdf","og_site_name":"Les Cr\u00e9as de Lia","article_publisher":"https:\/\/www.facebook.com\/lescreasdeliafaitmain\/","article_modified_time":"2025-06-30T22:02:29+00:00","og_image":[{"width":1080,"height":1080,"url":"https:\/\/lescreasdelia.com\/wp-content\/uploads\/2024\/04\/1000003766.jpg","type":"image\/jpeg"}],"twitter_card":"summary_large_image","twitter_misc":{"Dur\u00e9e de lecture estim\u00e9e":"2 minutes"},"schema":{"@context":"https:\/\/schema.org","@graph":[{"@type":"WebPage","@id":"https:\/\/lescreasdelia.com\/?product=tutoriel-patron-crochet-pdf","url":"https:\/\/lescreasdelia.com\/?product=tutoriel-patron-crochet-pdf","name":"Tutoriel Patron crochet PDF t\u00e9l\u00e9chargeable en Fran\u00e7ais","isPartOf":{"@id":"https:\/\/lescreasdelia.com\/#website"},"primaryImageOfPage":{"@id":"https:\/\/lescreasdelia.com\/?product=tutoriel-patron-crochet-pdf#primaryimage"},"image":{"@id":"https:\/\/lescreasdelia.com\/?product=tutoriel-patron-crochet-pdf#primaryimage"},"thumbnailUrl":"https:\/\/i0.wp.com\/lescreasdelia.com\/wp-content\/uploads\/2024\/04\/1000003766.jpg?fit=1080%2C1080&ssl=1","datePublished":"2022-08-17T12:06:28+00:00","dateModified":"2025-06-30T22:02:29+00:00","description":"DOM'LAPIN- Tutoriel Patron au crochet avec PDF en fran\u00e7ais \u00e0 t\u00e9l\u00e9charger pour r\u00e9aliser son propre amigurumi Peluche en laine","breadcrumb":{"@id":"https:\/\/lescreasdelia.com\/?product=tutoriel-patron-crochet-pdf#breadcrumb"},"inLanguage":"fr-FR","potentialAction":[{"@type":"ReadAction","target":["https:\/\/lescreasdelia.com\/?product=tutoriel-patron-crochet-pdf"]}]},{"@type":"ImageObject","inLanguage":"fr-FR","@id":"https:\/\/lescreasdelia.com\/?product=tutoriel-patron-crochet-pdf#primaryimage","url":"https:\/\/i0.wp.com\/lescreasdelia.com\/wp-content\/uploads\/2024\/04\/1000003766.jpg?fit=1080%2C1080&ssl=1","contentUrl":"https:\/\/i0.wp.com\/lescreasdelia.com\/wp-content\/uploads\/2024\/04\/1000003766.jpg?fit=1080%2C1080&ssl=1","width":1080,"height":1080},{"@type":"BreadcrumbList","@id":"https:\/\/lescreasdelia.com\/?product=tutoriel-patron-crochet-pdf#breadcrumb","itemListElement":[{"@type":"ListItem","position":1,"name":"Accueil","item":"https:\/\/lescreasdelia.com\/"},{"@type":"ListItem","position":2,"name":"Boutique","item":"https:\/\/lescreasdelia.com\/"},{"@type":"ListItem","position":3,"name":"Patrons Amigurumis au Crochet","item":"https:\/\/lescreasdelia.com\/?product_cat=patron-crochet-telechargeable"},{"@type":"ListItem","position":4,"name":"Patron au Crochet de Dom&rsquo;lapin &#8211; Tutoriel Amigurumi \u00e0 t\u00e9l\u00e9charger en Francais"}]},{"@type":"WebSite","@id":"https:\/\/lescreasdelia.com\/#website","url":"https:\/\/lescreasdelia.com\/","name":"Les Cr\u00e9as de Lia","description":"BLOG DIY Crochet &amp; Boutique Patrons Amigurumis et Accessoires Fait-main","publisher":{"@id":"https:\/\/lescreasdelia.com\/#organization"},"potentialAction":[{"@type":"SearchAction","target":{"@type":"EntryPoint","urlTemplate":"https:\/\/lescreasdelia.com\/?s={search_term_string}"},"query-input":{"@type":"PropertyValueSpecification","valueRequired":true,"valueName":"search_term_string"}}],"inLanguage":"fr-FR"},{"@type":"Organization","@id":"https:\/\/lescreasdelia.com\/#organization","name":"Les Cr\u00e9as de Lia","url":"https:\/\/lescreasdelia.com\/","logo":{"@type":"ImageObject","inLanguage":"fr-FR","@id":"https:\/\/lescreasdelia.com\/#\/schema\/logo\/image\/","url":"https:\/\/i0.wp.com\/lescreasdelia.com\/wp-content\/uploads\/2022\/05\/cropped-cropped-logo-1.jpg?fit=657%2C657&ssl=1","contentUrl":"https:\/\/i0.wp.com\/lescreasdelia.com\/wp-content\/uploads\/2022\/05\/cropped-cropped-logo-1.jpg?fit=657%2C657&ssl=1","width":657,"height":657,"caption":"Les Cr\u00e9as de Lia"},"image":{"@id":"https:\/\/lescreasdelia.com\/#\/schema\/logo\/image\/"},"sameAs":["https:\/\/www.facebook.com\/lescreasdeliafaitmain\/","https:\/\/www.instagram.com\/les_creas_de_lia\/","https:\/\/pin.it\/r0pH1pr"]}]}},"jetpack_publicize_connections":[],"jetpack_likes_enabled":true,"jetpack_sharing_enabled":true,"jetpack-related-posts":[],"_links":{"self":[{"href":"https:\/\/lescreasdelia.com\/index.php?rest_route=\/wp\/v2\/product\/646","targetHints":{"allow":["GET"]}}],"collection":[{"href":"https:\/\/lescreasdelia.com\/index.php?rest_route=\/wp\/v2\/product"}],"about":[{"href":"https:\/\/lescreasdelia.com\/index.php?rest_route=\/wp\/v2\/types\/product"}],"replies":[{"embeddable":true,"href":"https:\/\/lescreasdelia.com\/index.php?rest_route=%2Fwp%2Fv2%2Fcomments&post=646"}],"version-history":[{"count":6,"href":"https:\/\/lescreasdelia.com\/index.php?rest_route=\/wp\/v2\/product\/646\/revisions"}],"predecessor-version":[{"id":4630,"href":"https:\/\/lescreasdelia.com\/index.php?rest_route=\/wp\/v2\/product\/646\/revisions\/4630"}],"wp:featuredmedia":[{"embeddable":true,"href":"https:\/\/lescreasdelia.com\/index.php?rest_route=\/wp\/v2\/media\/4631"}],"wp:attachment":[{"href":"https:\/\/lescreasdelia.com\/index.php?rest_route=%2Fwp%2Fv2%2Fmedia&parent=646"}],"wp:term":[{"taxonomy":"product_brand","embeddable":true,"href":"https:\/\/lescreasdelia.com\/index.php?rest_route=%2Fwp%2Fv2%2Fproduct_brand&post=646"},{"taxonomy":"product_cat","embeddable":true,"href":"https:\/\/lescreasdelia.com\/index.php?rest_route=%2Fwp%2Fv2%2Fproduct_cat&post=646"},{"taxonomy":"product_tag","embeddable":true,"href":"https:\/\/lescreasdelia.com\/index.php?rest_route=%2Fwp%2Fv2%2Fproduct_tag&post=646"}],"curies":[{"name":"wp","href":"https:\/\/api.w.org\/{rel}","templated":true}]}}