{"id":3624,"date":"2023-06-14T13:28:17","date_gmt":"2023-06-14T11:28:17","guid":{"rendered":"https:\/\/lescreasdelia.com\/?post_type=product&#038;p=3624"},"modified":"2025-04-28T09:40:45","modified_gmt":"2025-04-28T07:40:45","slug":"adorable-peluche-renard","status":"publish","type":"product","link":"https:\/\/lescreasdelia.com\/?product=adorable-peluche-renard","title":{"rendered":"L&rsquo;adorable Peluche Renard en laine et ses accessoires Fait-main"},"content":{"rendered":"<p>L&rsquo;adorable Peluche Renard jardinier d\u00e9corera joliment une chambre d&rsquo;enfant !!!<\/p>\n<p>La peluche et ses accessoires (le sac filet ,les carottes ,la salopette ,les bottes ) sont enti\u00e8rement crochet\u00e9s \u00e0 la main .<\/p>\n<p>Le r\u00e2teau en bois est \u00e9galement fourni .<\/p>\n<p>Sa t\u00eate est mobile de gauche \u00e0 droite .<\/p>\n<p>Compositions:<\/p>\n<p>&#8211; Laine 100%coton de la marque ricorumi<br \/>\n&#8211; ouate de rembourrage 100% polyester oeko-tex<br \/>\n-fil de coton mercerie pour les d\u00e9tails brod\u00e9s<\/p>\n<p>Dimensions :<\/p>\n<p>Le renard mesure en totalit\u00e9 22 cm.<br \/>\nLe r\u00e2teau en bois mesure 14cm.<br \/>\nLe sac mesure 9cm.<\/p>\n<p>Les d\u00e9tails yeux, nez et sourcils sont brod\u00e9s \u00e0 la main .<\/p>\n<p>Par mesure de s\u00e9curit\u00e9 ne convient pas aux enfants de moins de 36mois<\/p>\n<p>Les couleurs peuvent varier selon la luminosit\u00e9 des photos<\/p>\n<p>Entretien :<br \/>\nLavable \u00e0 30\u00b0 et s\u00e9chage \u00e0 l&rsquo;air libre<\/p>\n<p>\ud83d\ude9b Livraison rapide en colissimo .<\/p>\n<p>\ud83c\uddeb\ud83c\uddf7 Fait main en France<\/p>\n<p>Et si vous cherchez d&rsquo;autres id\u00e9es ,Pensez \u00e0 visiter ma boutique<br \/>\n\u2b07\ufe0f<br \/>\n<a href=\"http:\/\/www.lescreasdelia.com\">http:\/\/www.lescreasdelia.com<\/a><\/p>\n<p>Merci pour votre visite !!<\/p>\n<p>Le Patron est issu de la cr\u00e9atrice Little Bichons<\/p>\n","protected":false},"excerpt":{"rendered":"<p>\ud83c\udf81 Livraison gratuite \u00e0 partir de 25,00\u20ac d&rsquo;achat \ud83c\udf81<\/p>\n","protected":false},"featured_media":3604,"comment_status":"open","ping_status":"closed","template":"","meta":{"_crdt_document":"","jetpack_publicize_message":"","jetpack_publicize_feature_enabled":true,"jetpack_social_post_already_shared":true,"jetpack_social_options":{"image_generator_settings":{"template":"highway","default_image_id":0,"font":"","enabled":false},"version":2}},"product_brand":[],"product_cat":[752348990],"product_tag":[752348835,752348895,752348933,752348823,752348932,752348944,752348996,752348861,752348948,752348894,752349002,752348945],"class_list":{"0":"post-3624","1":"product","2":"type-product","3":"status-publish","4":"has-post-thumbnail","6":"product_cat-idees-cadeaux-a-offrir","7":"product_tag-amigurumi-animaux","8":"product_tag-animaux-de-la-foret","9":"product_tag-boutique-cadeaux","10":"product_tag-cadeau-anniversaire","11":"product_tag-cadeau-fait-main","12":"product_tag-decoration-au-crochet","13":"product_tag-decoration-chambre-enfant","14":"product_tag-decoration-maison","15":"product_tag-idees-cadeaux-fait-main","16":"product_tag-peluche-renard","17":"product_tag-peluches-animaux-en-laine","18":"product_tag-renard-amigurumi-en-laine","19":"product_shipping_class-livraison-standard","20":"has-single-img","22":"first","23":"instock","24":"sold-individually","25":"purchasable","26":"product-type-simple"},"yoast_head":"<!-- This site is optimized with the Yoast SEO plugin v27.4 - https:\/\/yoast.com\/product\/yoast-seo-wordpress\/ -->\n<title>L&#039;adorable peluche Renard en laine fait main<\/title>\n<meta name=\"description\" content=\"Retrouvez l&#039;adorable peluche Renard en laine fait main avec ses accessoires pour une d\u00e9coration originale - boutique Les Cr\u00e9as de Lia\" \/>\n<meta name=\"robots\" content=\"index, follow, max-snippet:-1, max-image-preview:large, max-video-preview:-1\" \/>\n<link rel=\"canonical\" href=\"https:\/\/lescreasdelia.com\/?product=adorable-peluche-renard\" \/>\n<meta property=\"og:locale\" content=\"fr_FR\" \/>\n<meta property=\"og:type\" content=\"article\" \/>\n<meta property=\"og:title\" content=\"L&#039;adorable peluche Renard en laine fait main\" \/>\n<meta property=\"og:description\" content=\"Retrouvez l&#039;adorable peluche Renard en laine fait main avec ses accessoires pour une d\u00e9coration originale - boutique Les Cr\u00e9as de Lia\" \/>\n<meta property=\"og:url\" content=\"https:\/\/lescreasdelia.com\/?product=adorable-peluche-renard\" \/>\n<meta property=\"og:site_name\" content=\"Les Cr\u00e9as de Lia\" \/>\n<meta property=\"article:publisher\" content=\"https:\/\/www.facebook.com\/lescreasdeliafaitmain\/\" \/>\n<meta property=\"article:modified_time\" content=\"2025-04-28T07:40:45+00:00\" \/>\n<meta property=\"og:image\" content=\"https:\/\/lescreasdelia.com\/wp-content\/uploads\/2023\/06\/2148-768x1024.jpg\" \/>\n\t<meta property=\"og:image:width\" content=\"768\" \/>\n\t<meta property=\"og:image:height\" content=\"1024\" \/>\n\t<meta property=\"og:image:type\" content=\"image\/jpeg\" \/>\n<meta name=\"twitter:card\" content=\"summary_large_image\" \/>\n<meta name=\"twitter:label1\" content=\"Dur\u00e9e de lecture estim\u00e9e\" \/>\n\t<meta name=\"twitter:data1\" content=\"2 minutes\" \/>\n<script type=\"application\/ld+json\" class=\"yoast-schema-graph\">{\"@context\":\"https:\\\/\\\/schema.org\",\"@graph\":[{\"@type\":\"WebPage\",\"@id\":\"https:\\\/\\\/lescreasdelia.com\\\/?product=adorable-peluche-renard\",\"url\":\"https:\\\/\\\/lescreasdelia.com\\\/?product=adorable-peluche-renard\",\"name\":\"L'adorable peluche Renard en laine fait main\",\"isPartOf\":{\"@id\":\"https:\\\/\\\/lescreasdelia.com\\\/#website\"},\"primaryImageOfPage\":{\"@id\":\"https:\\\/\\\/lescreasdelia.com\\\/?product=adorable-peluche-renard#primaryimage\"},\"image\":{\"@id\":\"https:\\\/\\\/lescreasdelia.com\\\/?product=adorable-peluche-renard#primaryimage\"},\"thumbnailUrl\":\"https:\\\/\\\/i0.wp.com\\\/lescreasdelia.com\\\/wp-content\\\/uploads\\\/2023\\\/06\\\/2148.jpg?fit=3024%2C4032&ssl=1\",\"datePublished\":\"2023-06-14T11:28:17+00:00\",\"dateModified\":\"2025-04-28T07:40:45+00:00\",\"description\":\"Retrouvez l'adorable peluche Renard en laine fait main avec ses accessoires pour une d\u00e9coration originale - boutique Les Cr\u00e9as de Lia\",\"breadcrumb\":{\"@id\":\"https:\\\/\\\/lescreasdelia.com\\\/?product=adorable-peluche-renard#breadcrumb\"},\"inLanguage\":\"fr-FR\",\"potentialAction\":[{\"@type\":\"ReadAction\",\"target\":[\"https:\\\/\\\/lescreasdelia.com\\\/?product=adorable-peluche-renard\"]}]},{\"@type\":\"ImageObject\",\"inLanguage\":\"fr-FR\",\"@id\":\"https:\\\/\\\/lescreasdelia.com\\\/?product=adorable-peluche-renard#primaryimage\",\"url\":\"https:\\\/\\\/i0.wp.com\\\/lescreasdelia.com\\\/wp-content\\\/uploads\\\/2023\\\/06\\\/2148.jpg?fit=3024%2C4032&ssl=1\",\"contentUrl\":\"https:\\\/\\\/i0.wp.com\\\/lescreasdelia.com\\\/wp-content\\\/uploads\\\/2023\\\/06\\\/2148.jpg?fit=3024%2C4032&ssl=1\",\"width\":3024,\"height\":4032},{\"@type\":\"BreadcrumbList\",\"@id\":\"https:\\\/\\\/lescreasdelia.com\\\/?product=adorable-peluche-renard#breadcrumb\",\"itemListElement\":[{\"@type\":\"ListItem\",\"position\":1,\"name\":\"Accueil\",\"item\":\"https:\\\/\\\/lescreasdelia.com\\\/\"},{\"@type\":\"ListItem\",\"position\":2,\"name\":\"Boutique\",\"item\":\"https:\\\/\\\/lescreasdelia.com\\\/\"},{\"@type\":\"ListItem\",\"position\":3,\"name\":\"Id\u00e9es Cadeaux\",\"item\":\"https:\\\/\\\/lescreasdelia.com\\\/?product_cat=idees-cadeaux-a-offrir\"},{\"@type\":\"ListItem\",\"position\":4,\"name\":\"L&rsquo;adorable Peluche Renard en laine et ses accessoires Fait-main\"}]},{\"@type\":\"WebSite\",\"@id\":\"https:\\\/\\\/lescreasdelia.com\\\/#website\",\"url\":\"https:\\\/\\\/lescreasdelia.com\\\/\",\"name\":\"Les Cr\u00e9as de Lia\",\"description\":\"BLOG DIY Crochet &amp; Boutique Patrons Amigurumis et Accessoires Fait-main\",\"publisher\":{\"@id\":\"https:\\\/\\\/lescreasdelia.com\\\/#organization\"},\"potentialAction\":[{\"@type\":\"SearchAction\",\"target\":{\"@type\":\"EntryPoint\",\"urlTemplate\":\"https:\\\/\\\/lescreasdelia.com\\\/?s={search_term_string}\"},\"query-input\":{\"@type\":\"PropertyValueSpecification\",\"valueRequired\":true,\"valueName\":\"search_term_string\"}}],\"inLanguage\":\"fr-FR\"},{\"@type\":\"Organization\",\"@id\":\"https:\\\/\\\/lescreasdelia.com\\\/#organization\",\"name\":\"Les Cr\u00e9as de Lia\",\"url\":\"https:\\\/\\\/lescreasdelia.com\\\/\",\"logo\":{\"@type\":\"ImageObject\",\"inLanguage\":\"fr-FR\",\"@id\":\"https:\\\/\\\/lescreasdelia.com\\\/#\\\/schema\\\/logo\\\/image\\\/\",\"url\":\"https:\\\/\\\/i0.wp.com\\\/lescreasdelia.com\\\/wp-content\\\/uploads\\\/2022\\\/05\\\/cropped-cropped-logo-1.jpg?fit=657%2C657&ssl=1\",\"contentUrl\":\"https:\\\/\\\/i0.wp.com\\\/lescreasdelia.com\\\/wp-content\\\/uploads\\\/2022\\\/05\\\/cropped-cropped-logo-1.jpg?fit=657%2C657&ssl=1\",\"width\":657,\"height\":657,\"caption\":\"Les Cr\u00e9as de Lia\"},\"image\":{\"@id\":\"https:\\\/\\\/lescreasdelia.com\\\/#\\\/schema\\\/logo\\\/image\\\/\"},\"sameAs\":[\"https:\\\/\\\/www.facebook.com\\\/lescreasdeliafaitmain\\\/\",\"https:\\\/\\\/www.instagram.com\\\/les_creas_de_lia\\\/\",\"https:\\\/\\\/pin.it\\\/r0pH1pr\"]}]}<\/script>\n<!-- \/ Yoast SEO plugin. -->","yoast_head_json":{"title":"L'adorable peluche Renard en laine fait main","description":"Retrouvez l'adorable peluche Renard en laine fait main avec ses accessoires pour une d\u00e9coration originale - boutique Les Cr\u00e9as de Lia","robots":{"index":"index","follow":"follow","max-snippet":"max-snippet:-1","max-image-preview":"max-image-preview:large","max-video-preview":"max-video-preview:-1"},"canonical":"https:\/\/lescreasdelia.com\/?product=adorable-peluche-renard","og_locale":"fr_FR","og_type":"article","og_title":"L'adorable peluche Renard en laine fait main","og_description":"Retrouvez l'adorable peluche Renard en laine fait main avec ses accessoires pour une d\u00e9coration originale - boutique Les Cr\u00e9as de Lia","og_url":"https:\/\/lescreasdelia.com\/?product=adorable-peluche-renard","og_site_name":"Les Cr\u00e9as de Lia","article_publisher":"https:\/\/www.facebook.com\/lescreasdeliafaitmain\/","article_modified_time":"2025-04-28T07:40:45+00:00","og_image":[{"width":768,"height":1024,"url":"https:\/\/lescreasdelia.com\/wp-content\/uploads\/2023\/06\/2148-768x1024.jpg","type":"image\/jpeg"}],"twitter_card":"summary_large_image","twitter_misc":{"Dur\u00e9e de lecture estim\u00e9e":"2 minutes"},"schema":{"@context":"https:\/\/schema.org","@graph":[{"@type":"WebPage","@id":"https:\/\/lescreasdelia.com\/?product=adorable-peluche-renard","url":"https:\/\/lescreasdelia.com\/?product=adorable-peluche-renard","name":"L'adorable peluche Renard en laine fait main","isPartOf":{"@id":"https:\/\/lescreasdelia.com\/#website"},"primaryImageOfPage":{"@id":"https:\/\/lescreasdelia.com\/?product=adorable-peluche-renard#primaryimage"},"image":{"@id":"https:\/\/lescreasdelia.com\/?product=adorable-peluche-renard#primaryimage"},"thumbnailUrl":"https:\/\/i0.wp.com\/lescreasdelia.com\/wp-content\/uploads\/2023\/06\/2148.jpg?fit=3024%2C4032&ssl=1","datePublished":"2023-06-14T11:28:17+00:00","dateModified":"2025-04-28T07:40:45+00:00","description":"Retrouvez l'adorable peluche Renard en laine fait main avec ses accessoires pour une d\u00e9coration originale - boutique Les Cr\u00e9as de Lia","breadcrumb":{"@id":"https:\/\/lescreasdelia.com\/?product=adorable-peluche-renard#breadcrumb"},"inLanguage":"fr-FR","potentialAction":[{"@type":"ReadAction","target":["https:\/\/lescreasdelia.com\/?product=adorable-peluche-renard"]}]},{"@type":"ImageObject","inLanguage":"fr-FR","@id":"https:\/\/lescreasdelia.com\/?product=adorable-peluche-renard#primaryimage","url":"https:\/\/i0.wp.com\/lescreasdelia.com\/wp-content\/uploads\/2023\/06\/2148.jpg?fit=3024%2C4032&ssl=1","contentUrl":"https:\/\/i0.wp.com\/lescreasdelia.com\/wp-content\/uploads\/2023\/06\/2148.jpg?fit=3024%2C4032&ssl=1","width":3024,"height":4032},{"@type":"BreadcrumbList","@id":"https:\/\/lescreasdelia.com\/?product=adorable-peluche-renard#breadcrumb","itemListElement":[{"@type":"ListItem","position":1,"name":"Accueil","item":"https:\/\/lescreasdelia.com\/"},{"@type":"ListItem","position":2,"name":"Boutique","item":"https:\/\/lescreasdelia.com\/"},{"@type":"ListItem","position":3,"name":"Id\u00e9es Cadeaux","item":"https:\/\/lescreasdelia.com\/?product_cat=idees-cadeaux-a-offrir"},{"@type":"ListItem","position":4,"name":"L&rsquo;adorable Peluche Renard en laine et ses accessoires Fait-main"}]},{"@type":"WebSite","@id":"https:\/\/lescreasdelia.com\/#website","url":"https:\/\/lescreasdelia.com\/","name":"Les Cr\u00e9as de Lia","description":"BLOG DIY Crochet &amp; Boutique Patrons Amigurumis et Accessoires Fait-main","publisher":{"@id":"https:\/\/lescreasdelia.com\/#organization"},"potentialAction":[{"@type":"SearchAction","target":{"@type":"EntryPoint","urlTemplate":"https:\/\/lescreasdelia.com\/?s={search_term_string}"},"query-input":{"@type":"PropertyValueSpecification","valueRequired":true,"valueName":"search_term_string"}}],"inLanguage":"fr-FR"},{"@type":"Organization","@id":"https:\/\/lescreasdelia.com\/#organization","name":"Les Cr\u00e9as de Lia","url":"https:\/\/lescreasdelia.com\/","logo":{"@type":"ImageObject","inLanguage":"fr-FR","@id":"https:\/\/lescreasdelia.com\/#\/schema\/logo\/image\/","url":"https:\/\/i0.wp.com\/lescreasdelia.com\/wp-content\/uploads\/2022\/05\/cropped-cropped-logo-1.jpg?fit=657%2C657&ssl=1","contentUrl":"https:\/\/i0.wp.com\/lescreasdelia.com\/wp-content\/uploads\/2022\/05\/cropped-cropped-logo-1.jpg?fit=657%2C657&ssl=1","width":657,"height":657,"caption":"Les Cr\u00e9as de Lia"},"image":{"@id":"https:\/\/lescreasdelia.com\/#\/schema\/logo\/image\/"},"sameAs":["https:\/\/www.facebook.com\/lescreasdeliafaitmain\/","https:\/\/www.instagram.com\/les_creas_de_lia\/","https:\/\/pin.it\/r0pH1pr"]}]}},"jetpack_publicize_connections":[],"jetpack_likes_enabled":true,"jetpack_sharing_enabled":true,"jetpack-related-posts":[],"_links":{"self":[{"href":"https:\/\/lescreasdelia.com\/index.php?rest_route=\/wp\/v2\/product\/3624","targetHints":{"allow":["GET"]}}],"collection":[{"href":"https:\/\/lescreasdelia.com\/index.php?rest_route=\/wp\/v2\/product"}],"about":[{"href":"https:\/\/lescreasdelia.com\/index.php?rest_route=\/wp\/v2\/types\/product"}],"replies":[{"embeddable":true,"href":"https:\/\/lescreasdelia.com\/index.php?rest_route=%2Fwp%2Fv2%2Fcomments&post=3624"}],"version-history":[{"count":4,"href":"https:\/\/lescreasdelia.com\/index.php?rest_route=\/wp\/v2\/product\/3624\/revisions"}],"predecessor-version":[{"id":5629,"href":"https:\/\/lescreasdelia.com\/index.php?rest_route=\/wp\/v2\/product\/3624\/revisions\/5629"}],"wp:featuredmedia":[{"embeddable":true,"href":"https:\/\/lescreasdelia.com\/index.php?rest_route=\/wp\/v2\/media\/3604"}],"wp:attachment":[{"href":"https:\/\/lescreasdelia.com\/index.php?rest_route=%2Fwp%2Fv2%2Fmedia&parent=3624"}],"wp:term":[{"taxonomy":"product_brand","embeddable":true,"href":"https:\/\/lescreasdelia.com\/index.php?rest_route=%2Fwp%2Fv2%2Fproduct_brand&post=3624"},{"taxonomy":"product_cat","embeddable":true,"href":"https:\/\/lescreasdelia.com\/index.php?rest_route=%2Fwp%2Fv2%2Fproduct_cat&post=3624"},{"taxonomy":"product_tag","embeddable":true,"href":"https:\/\/lescreasdelia.com\/index.php?rest_route=%2Fwp%2Fv2%2Fproduct_tag&post=3624"}],"curies":[{"name":"wp","href":"https:\/\/api.w.org\/{rel}","templated":true}]}}