{"id":3592,"date":"2023-06-14T11:44:09","date_gmt":"2023-06-14T09:44:09","guid":{"rendered":"https:\/\/lescreasdelia.com\/?post_type=product&#038;p=3592"},"modified":"2025-06-02T18:55:29","modified_gmt":"2025-06-02T16:55:29","slug":"pochon-savon-en-laine","status":"publish","type":"product","link":"https:\/\/lescreasdelia.com\/?product=pochon-savon-en-laine","title":{"rendered":"Pochon \u00e0 Savon Z\u00c9RO D\u00c9CHET en laine 100% coton Fait-main"},"content":{"rendered":"<blockquote><p>Ce pochon \u00e0 Savon, crochet\u00e9e \u00e0 la Main, peut \u00eatre utilis\u00e9 pour y ranger et\/ou suspendre votre savon dans la douche ou encore le transporter dans sa trousse de toilette pendant les vacances ou le temps d&rsquo;un week-end !!<\/p><\/blockquote>\n<p>Mais il est aussi tr\u00e8s utile au quotidien pour toute la famille, pour la douche et son c\u00f4t\u00e9 z\u00e9ro d\u00e9chet pour finir les restes de savon !!<\/p>\n<p>C&rsquo;est l&rsquo;accessoire parfait pour \u00e9viter le gaspillage. <\/p>\n<p>Dimension : 12cm de hauteur et 7cm de largeur .<\/p>\n<p>La Laine que j&rsquo;ai utilis\u00e9e est 100%coton de la marque Ricorumi<\/p>\n<p>Ce pochon se lave \u00e0 30\u00b0 et s\u00e9chage \u00e0 l&rsquo;air libre ,le s\u00e8che linge est d\u00e9conseill\u00e9.<\/p>\n<p> \ud83c\udf81 Livraison gratuite \u00e0 partir de 25,00\u20ac d&rsquo;achat \ud83c\udf81<\/p>\n<p>\ud83d\ude9aLivraison rapide en lettre suivie<\/p>\n<p>Pensez \u00e0 visiter ma boutique pour D&rsquo;autres id\u00e9es cadeaux<\/p>\n<p>\u2b07\ufe0f<\/p>\n<p><a href=\"http:\/\/www.lescreasdelia.com\">http:\/\/www.lescreasdelia.com<\/a><\/p>\n<p>Merci pour votre visite !!<\/p>\n","protected":false},"excerpt":{"rendered":"<p>Ce pochon \u00e0 Savon, crochet\u00e9e \u00e0 la Main, peut \u00eatre utilis\u00e9 pour y ranger et\/ou suspendre votre savon dans la &hellip; <\/p>\n","protected":false},"featured_media":3588,"comment_status":"open","ping_status":"closed","template":"","meta":{"_crdt_document":"","jetpack_publicize_message":"","jetpack_publicize_feature_enabled":true,"jetpack_social_post_already_shared":true,"jetpack_social_options":{"image_generator_settings":{"template":"highway","default_image_id":0,"font":"","enabled":false},"version":2}},"product_brand":[],"product_cat":[752348934],"product_tag":[752348941,752348933,752348823,752348932,752348906,752349014],"class_list":{"0":"post-3592","1":"product","2":"type-product","3":"status-publish","4":"has-post-thumbnail","6":"product_cat-accessoires-maison-zero-dechet","7":"product_tag-accessoires-zero-dechet","8":"product_tag-boutique-cadeaux","9":"product_tag-cadeau-anniversaire","10":"product_tag-cadeau-fait-main","11":"product_tag-idees-cadeaux","12":"product_tag-pochette-a-savon","13":"product_shipping_class-livraison-standard","14":"has-single-img","16":"first","17":"instock","18":"sold-individually","19":"purchasable","20":"product-type-variable"},"yoast_head":"<!-- This site is optimized with the Yoast SEO plugin v27.4 - https:\/\/yoast.com\/product\/yoast-seo-wordpress\/ -->\n<title>Pochon \u00e0 Savon en laine Fait main<\/title>\n<meta name=\"description\" content=\"Retrouvez les pochons \u00e0 savon en laine Fait-main aux couleurs de l&#039;\u00e9t\u00e9 \u00e0 suspendre ou pour le transport- boutique Les Cr\u00e9as de Lia\" \/>\n<meta name=\"robots\" content=\"index, follow, max-snippet:-1, max-image-preview:large, max-video-preview:-1\" \/>\n<link rel=\"canonical\" href=\"https:\/\/lescreasdelia.com\/?product=pochon-savon-en-laine\" \/>\n<meta property=\"og:locale\" content=\"fr_FR\" \/>\n<meta property=\"og:type\" content=\"article\" \/>\n<meta property=\"og:title\" content=\"Pochon \u00e0 Savon en laine Fait main\" \/>\n<meta property=\"og:description\" content=\"Retrouvez les pochons \u00e0 savon en laine Fait-main aux couleurs de l&#039;\u00e9t\u00e9 \u00e0 suspendre ou pour le transport- boutique Les Cr\u00e9as de Lia\" \/>\n<meta property=\"og:url\" content=\"https:\/\/lescreasdelia.com\/?product=pochon-savon-en-laine\" \/>\n<meta property=\"og:site_name\" content=\"Les Cr\u00e9as de Lia\" \/>\n<meta property=\"article:publisher\" content=\"https:\/\/www.facebook.com\/lescreasdeliafaitmain\/\" \/>\n<meta property=\"article:modified_time\" content=\"2025-06-02T16:55:29+00:00\" \/>\n<meta property=\"og:image\" content=\"https:\/\/i0.wp.com\/lescreasdelia.com\/wp-content\/uploads\/2023\/06\/1000012033.jpg?fit=3024%2C3024&ssl=1\" \/>\n\t<meta property=\"og:image:width\" content=\"3024\" \/>\n\t<meta property=\"og:image:height\" content=\"3024\" \/>\n\t<meta property=\"og:image:type\" content=\"image\/jpeg\" \/>\n<meta name=\"twitter:card\" content=\"summary_large_image\" \/>\n<meta name=\"twitter:label1\" content=\"Dur\u00e9e de lecture estim\u00e9e\" \/>\n\t<meta name=\"twitter:data1\" content=\"1 minute\" \/>\n<script type=\"application\/ld+json\" class=\"yoast-schema-graph\">{\"@context\":\"https:\\\/\\\/schema.org\",\"@graph\":[{\"@type\":\"WebPage\",\"@id\":\"https:\\\/\\\/lescreasdelia.com\\\/?product=pochon-savon-en-laine\",\"url\":\"https:\\\/\\\/lescreasdelia.com\\\/?product=pochon-savon-en-laine\",\"name\":\"Pochon \u00e0 Savon en laine Fait main\",\"isPartOf\":{\"@id\":\"https:\\\/\\\/lescreasdelia.com\\\/#website\"},\"primaryImageOfPage\":{\"@id\":\"https:\\\/\\\/lescreasdelia.com\\\/?product=pochon-savon-en-laine#primaryimage\"},\"image\":{\"@id\":\"https:\\\/\\\/lescreasdelia.com\\\/?product=pochon-savon-en-laine#primaryimage\"},\"thumbnailUrl\":\"https:\\\/\\\/i0.wp.com\\\/lescreasdelia.com\\\/wp-content\\\/uploads\\\/2023\\\/06\\\/1000012033.jpg?fit=3024%2C3024&ssl=1\",\"datePublished\":\"2023-06-14T09:44:09+00:00\",\"dateModified\":\"2025-06-02T16:55:29+00:00\",\"description\":\"Retrouvez les pochons \u00e0 savon en laine Fait-main aux couleurs de l'\u00e9t\u00e9 \u00e0 suspendre ou pour le transport- boutique Les Cr\u00e9as de Lia\",\"breadcrumb\":{\"@id\":\"https:\\\/\\\/lescreasdelia.com\\\/?product=pochon-savon-en-laine#breadcrumb\"},\"inLanguage\":\"fr-FR\",\"potentialAction\":[{\"@type\":\"ReadAction\",\"target\":[\"https:\\\/\\\/lescreasdelia.com\\\/?product=pochon-savon-en-laine\"]}]},{\"@type\":\"ImageObject\",\"inLanguage\":\"fr-FR\",\"@id\":\"https:\\\/\\\/lescreasdelia.com\\\/?product=pochon-savon-en-laine#primaryimage\",\"url\":\"https:\\\/\\\/i0.wp.com\\\/lescreasdelia.com\\\/wp-content\\\/uploads\\\/2023\\\/06\\\/1000012033.jpg?fit=3024%2C3024&ssl=1\",\"contentUrl\":\"https:\\\/\\\/i0.wp.com\\\/lescreasdelia.com\\\/wp-content\\\/uploads\\\/2023\\\/06\\\/1000012033.jpg?fit=3024%2C3024&ssl=1\",\"width\":3024,\"height\":3024},{\"@type\":\"BreadcrumbList\",\"@id\":\"https:\\\/\\\/lescreasdelia.com\\\/?product=pochon-savon-en-laine#breadcrumb\",\"itemListElement\":[{\"@type\":\"ListItem\",\"position\":1,\"name\":\"Accueil\",\"item\":\"https:\\\/\\\/lescreasdelia.com\\\/\"},{\"@type\":\"ListItem\",\"position\":2,\"name\":\"Boutique\",\"item\":\"https:\\\/\\\/lescreasdelia.com\\\/\"},{\"@type\":\"ListItem\",\"position\":3,\"name\":\"Accessoires pour la Maison Z\u00e9ro D\u00e9chet\",\"item\":\"https:\\\/\\\/lescreasdelia.com\\\/?product_cat=accessoires-maison-zero-dechet\"},{\"@type\":\"ListItem\",\"position\":4,\"name\":\"Pochon \u00e0 Savon Z\u00c9RO D\u00c9CHET en laine 100% coton Fait-main\"}]},{\"@type\":\"WebSite\",\"@id\":\"https:\\\/\\\/lescreasdelia.com\\\/#website\",\"url\":\"https:\\\/\\\/lescreasdelia.com\\\/\",\"name\":\"Les Cr\u00e9as de Lia\",\"description\":\"BLOG DIY Crochet &amp; Boutique Patrons Amigurumis et Accessoires Fait-main\",\"publisher\":{\"@id\":\"https:\\\/\\\/lescreasdelia.com\\\/#organization\"},\"potentialAction\":[{\"@type\":\"SearchAction\",\"target\":{\"@type\":\"EntryPoint\",\"urlTemplate\":\"https:\\\/\\\/lescreasdelia.com\\\/?s={search_term_string}\"},\"query-input\":{\"@type\":\"PropertyValueSpecification\",\"valueRequired\":true,\"valueName\":\"search_term_string\"}}],\"inLanguage\":\"fr-FR\"},{\"@type\":\"Organization\",\"@id\":\"https:\\\/\\\/lescreasdelia.com\\\/#organization\",\"name\":\"Les Cr\u00e9as de Lia\",\"url\":\"https:\\\/\\\/lescreasdelia.com\\\/\",\"logo\":{\"@type\":\"ImageObject\",\"inLanguage\":\"fr-FR\",\"@id\":\"https:\\\/\\\/lescreasdelia.com\\\/#\\\/schema\\\/logo\\\/image\\\/\",\"url\":\"https:\\\/\\\/i0.wp.com\\\/lescreasdelia.com\\\/wp-content\\\/uploads\\\/2022\\\/05\\\/cropped-cropped-logo-1.jpg?fit=657%2C657&ssl=1\",\"contentUrl\":\"https:\\\/\\\/i0.wp.com\\\/lescreasdelia.com\\\/wp-content\\\/uploads\\\/2022\\\/05\\\/cropped-cropped-logo-1.jpg?fit=657%2C657&ssl=1\",\"width\":657,\"height\":657,\"caption\":\"Les Cr\u00e9as de Lia\"},\"image\":{\"@id\":\"https:\\\/\\\/lescreasdelia.com\\\/#\\\/schema\\\/logo\\\/image\\\/\"},\"sameAs\":[\"https:\\\/\\\/www.facebook.com\\\/lescreasdeliafaitmain\\\/\",\"https:\\\/\\\/www.instagram.com\\\/les_creas_de_lia\\\/\",\"https:\\\/\\\/pin.it\\\/r0pH1pr\"]}]}<\/script>\n<!-- \/ Yoast SEO plugin. -->","yoast_head_json":{"title":"Pochon \u00e0 Savon en laine Fait main","description":"Retrouvez les pochons \u00e0 savon en laine Fait-main aux couleurs de l'\u00e9t\u00e9 \u00e0 suspendre ou pour le transport- boutique Les Cr\u00e9as de Lia","robots":{"index":"index","follow":"follow","max-snippet":"max-snippet:-1","max-image-preview":"max-image-preview:large","max-video-preview":"max-video-preview:-1"},"canonical":"https:\/\/lescreasdelia.com\/?product=pochon-savon-en-laine","og_locale":"fr_FR","og_type":"article","og_title":"Pochon \u00e0 Savon en laine Fait main","og_description":"Retrouvez les pochons \u00e0 savon en laine Fait-main aux couleurs de l'\u00e9t\u00e9 \u00e0 suspendre ou pour le transport- boutique Les Cr\u00e9as de Lia","og_url":"https:\/\/lescreasdelia.com\/?product=pochon-savon-en-laine","og_site_name":"Les Cr\u00e9as de Lia","article_publisher":"https:\/\/www.facebook.com\/lescreasdeliafaitmain\/","article_modified_time":"2025-06-02T16:55:29+00:00","og_image":[{"width":3024,"height":3024,"url":"https:\/\/i0.wp.com\/lescreasdelia.com\/wp-content\/uploads\/2023\/06\/1000012033.jpg?fit=3024%2C3024&ssl=1","type":"image\/jpeg"}],"twitter_card":"summary_large_image","twitter_misc":{"Dur\u00e9e de lecture estim\u00e9e":"1 minute"},"schema":{"@context":"https:\/\/schema.org","@graph":[{"@type":"WebPage","@id":"https:\/\/lescreasdelia.com\/?product=pochon-savon-en-laine","url":"https:\/\/lescreasdelia.com\/?product=pochon-savon-en-laine","name":"Pochon \u00e0 Savon en laine Fait main","isPartOf":{"@id":"https:\/\/lescreasdelia.com\/#website"},"primaryImageOfPage":{"@id":"https:\/\/lescreasdelia.com\/?product=pochon-savon-en-laine#primaryimage"},"image":{"@id":"https:\/\/lescreasdelia.com\/?product=pochon-savon-en-laine#primaryimage"},"thumbnailUrl":"https:\/\/i0.wp.com\/lescreasdelia.com\/wp-content\/uploads\/2023\/06\/1000012033.jpg?fit=3024%2C3024&ssl=1","datePublished":"2023-06-14T09:44:09+00:00","dateModified":"2025-06-02T16:55:29+00:00","description":"Retrouvez les pochons \u00e0 savon en laine Fait-main aux couleurs de l'\u00e9t\u00e9 \u00e0 suspendre ou pour le transport- boutique Les Cr\u00e9as de Lia","breadcrumb":{"@id":"https:\/\/lescreasdelia.com\/?product=pochon-savon-en-laine#breadcrumb"},"inLanguage":"fr-FR","potentialAction":[{"@type":"ReadAction","target":["https:\/\/lescreasdelia.com\/?product=pochon-savon-en-laine"]}]},{"@type":"ImageObject","inLanguage":"fr-FR","@id":"https:\/\/lescreasdelia.com\/?product=pochon-savon-en-laine#primaryimage","url":"https:\/\/i0.wp.com\/lescreasdelia.com\/wp-content\/uploads\/2023\/06\/1000012033.jpg?fit=3024%2C3024&ssl=1","contentUrl":"https:\/\/i0.wp.com\/lescreasdelia.com\/wp-content\/uploads\/2023\/06\/1000012033.jpg?fit=3024%2C3024&ssl=1","width":3024,"height":3024},{"@type":"BreadcrumbList","@id":"https:\/\/lescreasdelia.com\/?product=pochon-savon-en-laine#breadcrumb","itemListElement":[{"@type":"ListItem","position":1,"name":"Accueil","item":"https:\/\/lescreasdelia.com\/"},{"@type":"ListItem","position":2,"name":"Boutique","item":"https:\/\/lescreasdelia.com\/"},{"@type":"ListItem","position":3,"name":"Accessoires pour la Maison Z\u00e9ro D\u00e9chet","item":"https:\/\/lescreasdelia.com\/?product_cat=accessoires-maison-zero-dechet"},{"@type":"ListItem","position":4,"name":"Pochon \u00e0 Savon Z\u00c9RO D\u00c9CHET en laine 100% coton Fait-main"}]},{"@type":"WebSite","@id":"https:\/\/lescreasdelia.com\/#website","url":"https:\/\/lescreasdelia.com\/","name":"Les Cr\u00e9as de Lia","description":"BLOG DIY Crochet &amp; Boutique Patrons Amigurumis et Accessoires Fait-main","publisher":{"@id":"https:\/\/lescreasdelia.com\/#organization"},"potentialAction":[{"@type":"SearchAction","target":{"@type":"EntryPoint","urlTemplate":"https:\/\/lescreasdelia.com\/?s={search_term_string}"},"query-input":{"@type":"PropertyValueSpecification","valueRequired":true,"valueName":"search_term_string"}}],"inLanguage":"fr-FR"},{"@type":"Organization","@id":"https:\/\/lescreasdelia.com\/#organization","name":"Les Cr\u00e9as de Lia","url":"https:\/\/lescreasdelia.com\/","logo":{"@type":"ImageObject","inLanguage":"fr-FR","@id":"https:\/\/lescreasdelia.com\/#\/schema\/logo\/image\/","url":"https:\/\/i0.wp.com\/lescreasdelia.com\/wp-content\/uploads\/2022\/05\/cropped-cropped-logo-1.jpg?fit=657%2C657&ssl=1","contentUrl":"https:\/\/i0.wp.com\/lescreasdelia.com\/wp-content\/uploads\/2022\/05\/cropped-cropped-logo-1.jpg?fit=657%2C657&ssl=1","width":657,"height":657,"caption":"Les Cr\u00e9as de Lia"},"image":{"@id":"https:\/\/lescreasdelia.com\/#\/schema\/logo\/image\/"},"sameAs":["https:\/\/www.facebook.com\/lescreasdeliafaitmain\/","https:\/\/www.instagram.com\/les_creas_de_lia\/","https:\/\/pin.it\/r0pH1pr"]}]}},"jetpack_publicize_connections":[],"jetpack_likes_enabled":true,"jetpack_sharing_enabled":true,"jetpack-related-posts":[],"_links":{"self":[{"href":"https:\/\/lescreasdelia.com\/index.php?rest_route=\/wp\/v2\/product\/3592","targetHints":{"allow":["GET"]}}],"collection":[{"href":"https:\/\/lescreasdelia.com\/index.php?rest_route=\/wp\/v2\/product"}],"about":[{"href":"https:\/\/lescreasdelia.com\/index.php?rest_route=\/wp\/v2\/types\/product"}],"replies":[{"embeddable":true,"href":"https:\/\/lescreasdelia.com\/index.php?rest_route=%2Fwp%2Fv2%2Fcomments&post=3592"}],"version-history":[{"count":4,"href":"https:\/\/lescreasdelia.com\/index.php?rest_route=\/wp\/v2\/product\/3592\/revisions"}],"predecessor-version":[{"id":5628,"href":"https:\/\/lescreasdelia.com\/index.php?rest_route=\/wp\/v2\/product\/3592\/revisions\/5628"}],"wp:featuredmedia":[{"embeddable":true,"href":"https:\/\/lescreasdelia.com\/index.php?rest_route=\/wp\/v2\/media\/3588"}],"wp:attachment":[{"href":"https:\/\/lescreasdelia.com\/index.php?rest_route=%2Fwp%2Fv2%2Fmedia&parent=3592"}],"wp:term":[{"taxonomy":"product_brand","embeddable":true,"href":"https:\/\/lescreasdelia.com\/index.php?rest_route=%2Fwp%2Fv2%2Fproduct_brand&post=3592"},{"taxonomy":"product_cat","embeddable":true,"href":"https:\/\/lescreasdelia.com\/index.php?rest_route=%2Fwp%2Fv2%2Fproduct_cat&post=3592"},{"taxonomy":"product_tag","embeddable":true,"href":"https:\/\/lescreasdelia.com\/index.php?rest_route=%2Fwp%2Fv2%2Fproduct_tag&post=3592"}],"curies":[{"name":"wp","href":"https:\/\/api.w.org\/{rel}","templated":true}]}}