{"id":3145,"date":"2023-03-31T12:08:30","date_gmt":"2023-03-31T10:08:30","guid":{"rendered":"https:\/\/lescreasdelia.com\/?post_type=product&#038;p=3145"},"modified":"2025-10-01T01:42:41","modified_gmt":"2025-09-30T23:42:41","slug":"patron-amigurumi-chat","status":"publish","type":"product","link":"https:\/\/lescreasdelia.com\/?product=patron-amigurumi-chat","title":{"rendered":"DOM&rsquo;CHAT Patron Amigurumi au Crochet &#8211; PDF \u00e0 t\u00e9l\u00e9charger en Francais"},"content":{"rendered":"<blockquote><p>\ud83d\udc31 Patron Amigurumi Chat \u00e0 r\u00e9aliser soi-m\u00eame au crochet \u00e0 t\u00e9l\u00e9charger.<\/p>\n<p>Le Tutoriel est en fran\u00e7ais uniquement et il est accessible au d\u00e9butant .<\/p><\/blockquote>\n<p>\ud83d\udcd6Le patron est un fichier PDF qui comprend <u>20 pages<\/u> avec toutes les \u00e9tapes pas \u00e0 pas avec de <strong>nombreuses<\/strong> <strong>photos explicatives<\/strong> pour r\u00e9aliser votre peluche facilement.<\/p>\n<h3>\ud83d\ude0a<u>Niveau d\u00e9butant :<\/u> le seul point utilis\u00e9 est la maille serr\u00e9e simple et maille serr\u00e9e dans le brin arri\u00e8re.<\/h3>\n<h2>Des vid\u00e9os explicatives sont disponibles sur le blog : <a href=\"https:\/\/lescreasdelia.com\/?p=2771\">Les bases pour commencer son premier amigurumi<\/a>.<\/h2>\n<p>\ud83d\udc31 La peluche finale mesure approximativement 9cm mais la taille varie selon la laine et le crochet que vous utiliserez.<\/p>\n<p>J&rsquo;ai utilis\u00e9 pour ce mod\u00e8le la laine ricorumi 100% coton de la marque ricorumi avec un crochet taille 3.<\/p>\n<p>\ud83e\uddf6Vous avez besoin d&rsquo;un crochet et de la laine adapt\u00e9e , un marqueur de rang ,de la ouate de rembourrage, une aiguille pour la couture et des yeux de s\u00e9curit\u00e9 \u00e0 clipser.<\/p>\n<blockquote>\n<figure id=\"attachment_3158\" aria-describedby=\"caption-attachment-3158\" style=\"width:217px\" class=\"wp-caption alignnone\"><img data-recalc-dims=\"1\" fetchpriority=\"high\" decoding=\"async\" data-attachment-id=\"3158\" data-permalink=\"https:\/\/lescreasdelia.com\/?attachment_id=3158\" data-orig-file=\"https:\/\/i0.wp.com\/lescreasdelia.com\/wp-content\/uploads\/2023\/03\/1000010802.jpg?fit=1080%2C1494&amp;ssl=1\" data-orig-size=\"1080,1494\" data-comments-opened=\"1\" data-image-meta=\"{&quot;aperture&quot;:&quot;0&quot;,&quot;credit&quot;:&quot;&quot;,&quot;camera&quot;:&quot;&quot;,&quot;caption&quot;:&quot;&quot;,&quot;created_timestamp&quot;:&quot;0&quot;,&quot;copyright&quot;:&quot;&quot;,&quot;focal_length&quot;:&quot;0&quot;,&quot;iso&quot;:&quot;0&quot;,&quot;shutter_speed&quot;:&quot;0&quot;,&quot;title&quot;:&quot;&quot;,&quot;orientation&quot;:&quot;0&quot;}\" data-image-title=\"1000010802.jpg\" data-image-description=\"\" data-image-caption=\"\" data-large-file=\"https:\/\/i0.wp.com\/lescreasdelia.com\/wp-content\/uploads\/2023\/03\/1000010802.jpg?fit=740%2C1024&amp;ssl=1\" class=\"wp-image-3158 size-medium\" src=\"https:\/\/i0.wp.com\/lescreasdelia.com\/wp-content\/uploads\/2023\/03\/1000010802.jpg?resize=217%2C300&#038;ssl=1\" alt=\"Patron amigurumi Chat au crochet\" width=\"217\" height=\"300\" srcset=\"https:\/\/i0.wp.com\/lescreasdelia.com\/wp-content\/uploads\/2023\/03\/1000010802.jpg?resize=217%2C300&amp;ssl=1 217w, https:\/\/i0.wp.com\/lescreasdelia.com\/wp-content\/uploads\/2023\/03\/1000010802.jpg?resize=740%2C1024&amp;ssl=1 740w, https:\/\/i0.wp.com\/lescreasdelia.com\/wp-content\/uploads\/2023\/03\/1000010802.jpg?resize=768%2C1062&amp;ssl=1 768w, https:\/\/i0.wp.com\/lescreasdelia.com\/wp-content\/uploads\/2023\/03\/1000010802.jpg?resize=600%2C830&amp;ssl=1 600w, https:\/\/i0.wp.com\/lescreasdelia.com\/wp-content\/uploads\/2023\/03\/1000010802.jpg?w=1080&amp;ssl=1 1080w\" sizes=\"(max-width: 217px) 100vw, 217px\" \/><figcaption id=\"caption-attachment-3158\" class=\"wp-caption-text\">Mat\u00e9riels n\u00e9cessaires<\/figcaption><\/figure>\n<\/blockquote>\n<p>Ce patron ne peut \u00eatre modifi\u00e9 , reproduit ou publi\u00e9 en partie ou enti\u00e8rement ou \u00eatre revendu.<\/p>\n<h2><strong>Vous recevrez le fichier imm\u00e9diatement apr\u00e8s paiement dans votre bo\u00eete mail .<\/strong><\/h2>\n<p>Si vous avez des questions n&rsquo;h\u00e9sitez pas \u00e0 me contacter Lescreasdelia@outlook.fr<\/p>\n<p>Pour en savoir plus sur mes cr\u00e9ations Pensez \u00e0 visiter :<\/p>\n<ul>\n<li>Mon compte <a href=\"https:\/\/www.instagram.com\/les_creas_de_lia\/\">instagram<\/a><\/li>\n<li>mon <a href=\"https:\/\/lescreasdelia.com\/?page_id=228\">Blog DIY &amp; CROCHET<\/a><\/li>\n<li>Ma page <a href=\"https:\/\/www.facebook.com\/lescreasdeliafaitmain\/\">Facebook<\/a><\/li>\n<\/ul>\n","protected":false},"excerpt":{"rendered":"<blockquote><p>Patron t\u00e9l\u00e9chargeable pour r\u00e9aliser soi-m\u00eame son propre Amigurumi au crochet de DOM\u2019Chat<\/p><\/blockquote>\n<p>Le tutoriel est d\u00e9taill\u00e9 pas \u00e0 pas avec de nombreuses photos pour une meilleure compr\u00e9hension de chaque \u00e9tape.<\/p>\n<p>En Fran\u00e7ais uniquement<\/p>\n<p>Niveau accessible aux d\u00e9butants<\/p>\n<p>Le Fichier est \u00e0 t\u00e9l\u00e9charger imm\u00e9diatement apr\u00e8s paiement sur votre boite mail !!!<\/p>\n<p>Les retours et \u00e9changes ne sont donc pas accept\u00e9s<\/p>\n","protected":false},"featured_media":3181,"comment_status":"open","ping_status":"closed","template":"","meta":{"_crdt_document":"","jetpack_publicize_message":"","jetpack_publicize_feature_enabled":true,"jetpack_social_post_already_shared":true,"jetpack_social_options":{"image_generator_settings":{"template":"highway","default_image_id":0,"font":"","enabled":false},"version":2}},"product_brand":[],"product_cat":[752348807],"product_tag":[752348835,752348932,752348994,752348996,752348906,752348997,752348828,752348802,752348993,752348797,752348800,752348998,752348801],"class_list":{"0":"post-3145","1":"product","2":"type-product","3":"status-publish","4":"has-post-thumbnail","6":"product_cat-patron-crochet-telechargeable","7":"product_tag-amigurumi-animaux","8":"product_tag-cadeau-fait-main","9":"product_tag-crochet-facile-pour-debutant","10":"product_tag-decoration-chambre-enfant","11":"product_tag-idees-cadeaux","12":"product_tag-patron-amigurumi-a-telecharger","13":"product_tag-patron-crochet-en-francais","14":"product_tag-peluche-animaux","15":"product_tag-peluche-chat-au-crochet","16":"product_tag-realiser-son-propre-amigurumi","17":"product_tag-tutoriel-au-crochet","18":"product_tag-tutoriel-avec-videos","19":"product_tag-tutoriel-en-francais","20":"has-single-img","22":"first","23":"instock","24":"featured","25":"downloadable","26":"virtual","27":"sold-individually","28":"purchasable","29":"product-type-simple"},"yoast_head":"<!-- This site is optimized with the Yoast SEO plugin v27.4 - https:\/\/yoast.com\/product\/yoast-seo-wordpress\/ -->\n<title>Patron Amigurumi Chat au Crochet \u00e0 t\u00e9l\u00e9charger<\/title>\n<meta name=\"description\" content=\"R\u00e9alisez votre peluche Amigurumi au crochet de Dom\u2019Chat - Patron PDF \u00e0 t\u00e9l\u00e9charger en Fran\u00e7ais- Accessible aux d\u00e9butants- Boutique Les Cr\u00e9as de Lia\" \/>\n<meta name=\"robots\" content=\"index, follow, max-snippet:-1, max-image-preview:large, max-video-preview:-1\" \/>\n<link rel=\"canonical\" href=\"https:\/\/lescreasdelia.com\/?product=patron-amigurumi-chat\" \/>\n<meta property=\"og:locale\" content=\"fr_FR\" \/>\n<meta property=\"og:type\" content=\"article\" \/>\n<meta property=\"og:title\" content=\"Patron Amigurumi Chat au Crochet \u00e0 t\u00e9l\u00e9charger\" \/>\n<meta property=\"og:description\" content=\"R\u00e9alisez votre peluche Amigurumi au crochet de Dom\u2019Chat - Patron PDF \u00e0 t\u00e9l\u00e9charger en Fran\u00e7ais- Accessible aux d\u00e9butants- Boutique Les Cr\u00e9as de Lia\" \/>\n<meta property=\"og:url\" content=\"https:\/\/lescreasdelia.com\/?product=patron-amigurumi-chat\" \/>\n<meta property=\"og:site_name\" content=\"Les Cr\u00e9as de Lia\" \/>\n<meta property=\"article:publisher\" content=\"https:\/\/www.facebook.com\/lescreasdeliafaitmain\/\" \/>\n<meta property=\"article:modified_time\" content=\"2025-09-30T23:42:41+00:00\" \/>\n<meta property=\"og:image\" content=\"https:\/\/i0.wp.com\/lescreasdelia.com\/wp-content\/uploads\/2023\/03\/1000010834.jpg?fit=1080%2C1080&ssl=1\" \/>\n\t<meta property=\"og:image:width\" content=\"1080\" \/>\n\t<meta property=\"og:image:height\" content=\"1080\" \/>\n\t<meta property=\"og:image:type\" content=\"image\/jpeg\" \/>\n<meta name=\"twitter:card\" content=\"summary_large_image\" \/>\n<meta name=\"twitter:label1\" content=\"Dur\u00e9e de lecture estim\u00e9e\" \/>\n\t<meta name=\"twitter:data1\" content=\"2 minutes\" \/>\n<script type=\"application\/ld+json\" class=\"yoast-schema-graph\">{\"@context\":\"https:\\\/\\\/schema.org\",\"@graph\":[{\"@type\":\"WebPage\",\"@id\":\"https:\\\/\\\/lescreasdelia.com\\\/?product=patron-amigurumi-chat\",\"url\":\"https:\\\/\\\/lescreasdelia.com\\\/?product=patron-amigurumi-chat\",\"name\":\"Patron Amigurumi Chat au Crochet \u00e0 t\u00e9l\u00e9charger\",\"isPartOf\":{\"@id\":\"https:\\\/\\\/lescreasdelia.com\\\/#website\"},\"primaryImageOfPage\":{\"@id\":\"https:\\\/\\\/lescreasdelia.com\\\/?product=patron-amigurumi-chat#primaryimage\"},\"image\":{\"@id\":\"https:\\\/\\\/lescreasdelia.com\\\/?product=patron-amigurumi-chat#primaryimage\"},\"thumbnailUrl\":\"https:\\\/\\\/i0.wp.com\\\/lescreasdelia.com\\\/wp-content\\\/uploads\\\/2023\\\/03\\\/1000010834.jpg?fit=1080%2C1080&ssl=1\",\"datePublished\":\"2023-03-31T10:08:30+00:00\",\"dateModified\":\"2025-09-30T23:42:41+00:00\",\"description\":\"R\u00e9alisez votre peluche Amigurumi au crochet de Dom\u2019Chat - Patron PDF \u00e0 t\u00e9l\u00e9charger en Fran\u00e7ais- Accessible aux d\u00e9butants- Boutique Les Cr\u00e9as de Lia\",\"breadcrumb\":{\"@id\":\"https:\\\/\\\/lescreasdelia.com\\\/?product=patron-amigurumi-chat#breadcrumb\"},\"inLanguage\":\"fr-FR\",\"potentialAction\":[{\"@type\":\"ReadAction\",\"target\":[\"https:\\\/\\\/lescreasdelia.com\\\/?product=patron-amigurumi-chat\"]}]},{\"@type\":\"ImageObject\",\"inLanguage\":\"fr-FR\",\"@id\":\"https:\\\/\\\/lescreasdelia.com\\\/?product=patron-amigurumi-chat#primaryimage\",\"url\":\"https:\\\/\\\/i0.wp.com\\\/lescreasdelia.com\\\/wp-content\\\/uploads\\\/2023\\\/03\\\/1000010834.jpg?fit=1080%2C1080&ssl=1\",\"contentUrl\":\"https:\\\/\\\/i0.wp.com\\\/lescreasdelia.com\\\/wp-content\\\/uploads\\\/2023\\\/03\\\/1000010834.jpg?fit=1080%2C1080&ssl=1\",\"width\":1080,\"height\":1080},{\"@type\":\"BreadcrumbList\",\"@id\":\"https:\\\/\\\/lescreasdelia.com\\\/?product=patron-amigurumi-chat#breadcrumb\",\"itemListElement\":[{\"@type\":\"ListItem\",\"position\":1,\"name\":\"Accueil\",\"item\":\"https:\\\/\\\/lescreasdelia.com\\\/\"},{\"@type\":\"ListItem\",\"position\":2,\"name\":\"Boutique\",\"item\":\"https:\\\/\\\/lescreasdelia.com\\\/\"},{\"@type\":\"ListItem\",\"position\":3,\"name\":\"Patrons Amigurumis au Crochet\",\"item\":\"https:\\\/\\\/lescreasdelia.com\\\/?product_cat=patron-crochet-telechargeable\"},{\"@type\":\"ListItem\",\"position\":4,\"name\":\"DOM&#8217;CHAT Patron Amigurumi au Crochet &#8211; PDF \u00e0 t\u00e9l\u00e9charger en Francais\"}]},{\"@type\":\"WebSite\",\"@id\":\"https:\\\/\\\/lescreasdelia.com\\\/#website\",\"url\":\"https:\\\/\\\/lescreasdelia.com\\\/\",\"name\":\"Les Cr\u00e9as de Lia\",\"description\":\"BLOG DIY Crochet &amp; Boutique Patrons Amigurumis et Accessoires Fait-main\",\"publisher\":{\"@id\":\"https:\\\/\\\/lescreasdelia.com\\\/#organization\"},\"potentialAction\":[{\"@type\":\"SearchAction\",\"target\":{\"@type\":\"EntryPoint\",\"urlTemplate\":\"https:\\\/\\\/lescreasdelia.com\\\/?s={search_term_string}\"},\"query-input\":{\"@type\":\"PropertyValueSpecification\",\"valueRequired\":true,\"valueName\":\"search_term_string\"}}],\"inLanguage\":\"fr-FR\"},{\"@type\":\"Organization\",\"@id\":\"https:\\\/\\\/lescreasdelia.com\\\/#organization\",\"name\":\"Les Cr\u00e9as de Lia\",\"url\":\"https:\\\/\\\/lescreasdelia.com\\\/\",\"logo\":{\"@type\":\"ImageObject\",\"inLanguage\":\"fr-FR\",\"@id\":\"https:\\\/\\\/lescreasdelia.com\\\/#\\\/schema\\\/logo\\\/image\\\/\",\"url\":\"https:\\\/\\\/i0.wp.com\\\/lescreasdelia.com\\\/wp-content\\\/uploads\\\/2022\\\/05\\\/cropped-cropped-logo-1.jpg?fit=657%2C657&ssl=1\",\"contentUrl\":\"https:\\\/\\\/i0.wp.com\\\/lescreasdelia.com\\\/wp-content\\\/uploads\\\/2022\\\/05\\\/cropped-cropped-logo-1.jpg?fit=657%2C657&ssl=1\",\"width\":657,\"height\":657,\"caption\":\"Les Cr\u00e9as de Lia\"},\"image\":{\"@id\":\"https:\\\/\\\/lescreasdelia.com\\\/#\\\/schema\\\/logo\\\/image\\\/\"},\"sameAs\":[\"https:\\\/\\\/www.facebook.com\\\/lescreasdeliafaitmain\\\/\",\"https:\\\/\\\/www.instagram.com\\\/les_creas_de_lia\\\/\",\"https:\\\/\\\/pin.it\\\/r0pH1pr\"]}]}<\/script>\n<!-- \/ Yoast SEO plugin. -->","yoast_head_json":{"title":"Patron Amigurumi Chat au Crochet \u00e0 t\u00e9l\u00e9charger","description":"R\u00e9alisez votre peluche Amigurumi au crochet de Dom\u2019Chat - Patron PDF \u00e0 t\u00e9l\u00e9charger en Fran\u00e7ais- Accessible aux d\u00e9butants- Boutique Les Cr\u00e9as de Lia","robots":{"index":"index","follow":"follow","max-snippet":"max-snippet:-1","max-image-preview":"max-image-preview:large","max-video-preview":"max-video-preview:-1"},"canonical":"https:\/\/lescreasdelia.com\/?product=patron-amigurumi-chat","og_locale":"fr_FR","og_type":"article","og_title":"Patron Amigurumi Chat au Crochet \u00e0 t\u00e9l\u00e9charger","og_description":"R\u00e9alisez votre peluche Amigurumi au crochet de Dom\u2019Chat - Patron PDF \u00e0 t\u00e9l\u00e9charger en Fran\u00e7ais- Accessible aux d\u00e9butants- Boutique Les Cr\u00e9as de Lia","og_url":"https:\/\/lescreasdelia.com\/?product=patron-amigurumi-chat","og_site_name":"Les Cr\u00e9as de Lia","article_publisher":"https:\/\/www.facebook.com\/lescreasdeliafaitmain\/","article_modified_time":"2025-09-30T23:42:41+00:00","og_image":[{"width":1080,"height":1080,"url":"https:\/\/i0.wp.com\/lescreasdelia.com\/wp-content\/uploads\/2023\/03\/1000010834.jpg?fit=1080%2C1080&ssl=1","type":"image\/jpeg"}],"twitter_card":"summary_large_image","twitter_misc":{"Dur\u00e9e de lecture estim\u00e9e":"2 minutes"},"schema":{"@context":"https:\/\/schema.org","@graph":[{"@type":"WebPage","@id":"https:\/\/lescreasdelia.com\/?product=patron-amigurumi-chat","url":"https:\/\/lescreasdelia.com\/?product=patron-amigurumi-chat","name":"Patron Amigurumi Chat au Crochet \u00e0 t\u00e9l\u00e9charger","isPartOf":{"@id":"https:\/\/lescreasdelia.com\/#website"},"primaryImageOfPage":{"@id":"https:\/\/lescreasdelia.com\/?product=patron-amigurumi-chat#primaryimage"},"image":{"@id":"https:\/\/lescreasdelia.com\/?product=patron-amigurumi-chat#primaryimage"},"thumbnailUrl":"https:\/\/i0.wp.com\/lescreasdelia.com\/wp-content\/uploads\/2023\/03\/1000010834.jpg?fit=1080%2C1080&ssl=1","datePublished":"2023-03-31T10:08:30+00:00","dateModified":"2025-09-30T23:42:41+00:00","description":"R\u00e9alisez votre peluche Amigurumi au crochet de Dom\u2019Chat - Patron PDF \u00e0 t\u00e9l\u00e9charger en Fran\u00e7ais- Accessible aux d\u00e9butants- Boutique Les Cr\u00e9as de Lia","breadcrumb":{"@id":"https:\/\/lescreasdelia.com\/?product=patron-amigurumi-chat#breadcrumb"},"inLanguage":"fr-FR","potentialAction":[{"@type":"ReadAction","target":["https:\/\/lescreasdelia.com\/?product=patron-amigurumi-chat"]}]},{"@type":"ImageObject","inLanguage":"fr-FR","@id":"https:\/\/lescreasdelia.com\/?product=patron-amigurumi-chat#primaryimage","url":"https:\/\/i0.wp.com\/lescreasdelia.com\/wp-content\/uploads\/2023\/03\/1000010834.jpg?fit=1080%2C1080&ssl=1","contentUrl":"https:\/\/i0.wp.com\/lescreasdelia.com\/wp-content\/uploads\/2023\/03\/1000010834.jpg?fit=1080%2C1080&ssl=1","width":1080,"height":1080},{"@type":"BreadcrumbList","@id":"https:\/\/lescreasdelia.com\/?product=patron-amigurumi-chat#breadcrumb","itemListElement":[{"@type":"ListItem","position":1,"name":"Accueil","item":"https:\/\/lescreasdelia.com\/"},{"@type":"ListItem","position":2,"name":"Boutique","item":"https:\/\/lescreasdelia.com\/"},{"@type":"ListItem","position":3,"name":"Patrons Amigurumis au Crochet","item":"https:\/\/lescreasdelia.com\/?product_cat=patron-crochet-telechargeable"},{"@type":"ListItem","position":4,"name":"DOM&#8217;CHAT Patron Amigurumi au Crochet &#8211; PDF \u00e0 t\u00e9l\u00e9charger en Francais"}]},{"@type":"WebSite","@id":"https:\/\/lescreasdelia.com\/#website","url":"https:\/\/lescreasdelia.com\/","name":"Les Cr\u00e9as de Lia","description":"BLOG DIY Crochet &amp; Boutique Patrons Amigurumis et Accessoires Fait-main","publisher":{"@id":"https:\/\/lescreasdelia.com\/#organization"},"potentialAction":[{"@type":"SearchAction","target":{"@type":"EntryPoint","urlTemplate":"https:\/\/lescreasdelia.com\/?s={search_term_string}"},"query-input":{"@type":"PropertyValueSpecification","valueRequired":true,"valueName":"search_term_string"}}],"inLanguage":"fr-FR"},{"@type":"Organization","@id":"https:\/\/lescreasdelia.com\/#organization","name":"Les Cr\u00e9as de Lia","url":"https:\/\/lescreasdelia.com\/","logo":{"@type":"ImageObject","inLanguage":"fr-FR","@id":"https:\/\/lescreasdelia.com\/#\/schema\/logo\/image\/","url":"https:\/\/i0.wp.com\/lescreasdelia.com\/wp-content\/uploads\/2022\/05\/cropped-cropped-logo-1.jpg?fit=657%2C657&ssl=1","contentUrl":"https:\/\/i0.wp.com\/lescreasdelia.com\/wp-content\/uploads\/2022\/05\/cropped-cropped-logo-1.jpg?fit=657%2C657&ssl=1","width":657,"height":657,"caption":"Les Cr\u00e9as de Lia"},"image":{"@id":"https:\/\/lescreasdelia.com\/#\/schema\/logo\/image\/"},"sameAs":["https:\/\/www.facebook.com\/lescreasdeliafaitmain\/","https:\/\/www.instagram.com\/les_creas_de_lia\/","https:\/\/pin.it\/r0pH1pr"]}]}},"jetpack_publicize_connections":[],"jetpack_likes_enabled":true,"jetpack_sharing_enabled":true,"jetpack-related-posts":[],"_links":{"self":[{"href":"https:\/\/lescreasdelia.com\/index.php?rest_route=\/wp\/v2\/product\/3145","targetHints":{"allow":["GET"]}}],"collection":[{"href":"https:\/\/lescreasdelia.com\/index.php?rest_route=\/wp\/v2\/product"}],"about":[{"href":"https:\/\/lescreasdelia.com\/index.php?rest_route=\/wp\/v2\/types\/product"}],"replies":[{"embeddable":true,"href":"https:\/\/lescreasdelia.com\/index.php?rest_route=%2Fwp%2Fv2%2Fcomments&post=3145"}],"version-history":[{"count":7,"href":"https:\/\/lescreasdelia.com\/index.php?rest_route=\/wp\/v2\/product\/3145\/revisions"}],"predecessor-version":[{"id":4716,"href":"https:\/\/lescreasdelia.com\/index.php?rest_route=\/wp\/v2\/product\/3145\/revisions\/4716"}],"wp:featuredmedia":[{"embeddable":true,"href":"https:\/\/lescreasdelia.com\/index.php?rest_route=\/wp\/v2\/media\/3181"}],"wp:attachment":[{"href":"https:\/\/lescreasdelia.com\/index.php?rest_route=%2Fwp%2Fv2%2Fmedia&parent=3145"}],"wp:term":[{"taxonomy":"product_brand","embeddable":true,"href":"https:\/\/lescreasdelia.com\/index.php?rest_route=%2Fwp%2Fv2%2Fproduct_brand&post=3145"},{"taxonomy":"product_cat","embeddable":true,"href":"https:\/\/lescreasdelia.com\/index.php?rest_route=%2Fwp%2Fv2%2Fproduct_cat&post=3145"},{"taxonomy":"product_tag","embeddable":true,"href":"https:\/\/lescreasdelia.com\/index.php?rest_route=%2Fwp%2Fv2%2Fproduct_tag&post=3145"}],"curies":[{"name":"wp","href":"https:\/\/api.w.org\/{rel}","templated":true}]}}