{"id":2845,"date":"2023-03-01T12:53:41","date_gmt":"2023-03-01T11:53:41","guid":{"rendered":"https:\/\/lescreasdelia.com\/?post_type=product&#038;p=2845"},"modified":"2025-07-01T00:02:29","modified_gmt":"2025-06-30T22:02:29","slug":"patrons-amigurumis","status":"publish","type":"product","link":"https:\/\/lescreasdelia.com\/?product=patrons-amigurumis","title":{"rendered":"Patrons des Amigurumis au Crochet Lapin et Poule \u00e0 t\u00e9l\u00e9charger"},"content":{"rendered":"<blockquote><p>R\u00e9alisez vous m\u00eame ses adorables peluches Lapin et Poule au crochet gr\u00e2ce aux tutoriels \u00e0 t\u00e9l\u00e9charger .<\/p>\n<p>C&rsquo;est le projet <strong>DIY id\u00e9al<\/strong> pour pr\u00e9parer la d\u00e9coration de P\u00e2ques ou pour les offrir !!<\/p><\/blockquote>\n<p>Les Tutoriels sont en <em>Fran\u00e7ais<\/em> uniquement et ils sont accessibles aux <em>d\u00e9butants<\/em>!!<\/p>\n<p>Ils comportent :<\/p>\n<p>-24 pages pour la poule<\/p>\n<p>-21 pages pour le lapin<\/p>\n<p>Toutes les \u00e9tapes pas \u00e0 pas avec de nombreuses photos pour accompagner les explications.<\/p>\n<p>Le temps de r\u00e9alisation est d&rsquo;environ 2h30.<\/p>\n<p><strong>Le mat\u00e9riel n\u00e9cessaire :<\/strong><\/p>\n<p>&#8211; laine coton et crochet adapt\u00e9 .Ici les mod\u00e8les sont r\u00e9alis\u00e9s avec de la laine 100% coton marque ricorumi et un crochet 2,5.<\/p>\n<p>-ouate de rembourrage<\/p>\n<p>-ciseau et aiguille pour les coutures<\/p>\n<p>-yeux de s\u00e9curit\u00e9 \u00e0 clipser<\/p>\n<p>-marqueur de rang<\/p>\n<p>Les points utilis\u00e9s sont les mailles serr\u00e9es uniquement pour le lapin , des brides et demies brides pour la poule.<\/p>\n<p>Des vid\u00e9os explicatives pour commencer le crochet sont disponibles sur le blog dans <a href=\"https:\/\/lescreasdelia.com\/?p=2771\">cet article<\/a> .<\/p>\n<p><strong>Le fichier est \u00e0 t\u00e9l\u00e9charger et il est disponible imm\u00e9diatement apr\u00e8s paiement dans votre bo\u00eete mail ou sur la boutique.<\/strong><\/p>\n<p>Si vous avez des questions n&rsquo;h\u00e9sitez pas \u00e0 me contacter Lescreasdelia@outlook.fr<\/p>\n<p>Pensez \u00e0 visiter mon instagram et Facebook pour en savoir plus sur mes cr\u00e9ations \u2b07\ufe0f<\/p>\n<p><a href=\"https:\/\/www.instagram.com\/les_creas_de_lia\/\">https:\/\/www.instagram.com\/les_creas_de_lia\/<\/a><\/p>\n<p><a href=\"https:\/\/www.facebook.com\/lescreasdeliafaitmain\/\">https:\/\/www.facebook.com\/lescreasdeliafaitmain\/<\/a><\/p>\n<p>Et pour d&rsquo;autres id\u00e9es mon <a href=\"https:\/\/lescreasdelia.com\/?page_id=228\">Blog DIY CROCHET<\/a><\/p>\n<p><img data-recalc-dims=\"1\" fetchpriority=\"high\" decoding=\"async\" data-attachment-id=\"4648\" data-permalink=\"https:\/\/lescreasdelia.com\/?attachment_id=4648\" data-orig-file=\"https:\/\/i0.wp.com\/lescreasdelia.com\/wp-content\/uploads\/2024\/04\/1000003771.jpg?fit=1080%2C1080&amp;ssl=1\" data-orig-size=\"1080,1080\" data-comments-opened=\"1\" data-image-meta=\"{&quot;aperture&quot;:&quot;0&quot;,&quot;credit&quot;:&quot;&quot;,&quot;camera&quot;:&quot;&quot;,&quot;caption&quot;:&quot;&quot;,&quot;created_timestamp&quot;:&quot;0&quot;,&quot;copyright&quot;:&quot;&quot;,&quot;focal_length&quot;:&quot;0&quot;,&quot;iso&quot;:&quot;0&quot;,&quot;shutter_speed&quot;:&quot;0&quot;,&quot;title&quot;:&quot;&quot;,&quot;orientation&quot;:&quot;0&quot;}\" data-image-title=\"1000003771.jpg\" data-image-description=\"\" data-image-caption=\"\" data-large-file=\"https:\/\/i0.wp.com\/lescreasdelia.com\/wp-content\/uploads\/2024\/04\/1000003771.jpg?fit=825%2C825&amp;ssl=1\" class=\"alignnone size-medium wp-image-4648\" src=\"https:\/\/i0.wp.com\/lescreasdelia.com\/wp-content\/uploads\/2024\/04\/1000003771-300x300.jpg?resize=300%2C300&#038;ssl=1\" alt=\"\" width=\"300\" height=\"300\" srcset=\"https:\/\/i0.wp.com\/lescreasdelia.com\/wp-content\/uploads\/2024\/04\/1000003771.jpg?resize=300%2C300&amp;ssl=1 300w, https:\/\/i0.wp.com\/lescreasdelia.com\/wp-content\/uploads\/2024\/04\/1000003771.jpg?resize=1024%2C1024&amp;ssl=1 1024w, https:\/\/i0.wp.com\/lescreasdelia.com\/wp-content\/uploads\/2024\/04\/1000003771.jpg?resize=150%2C150&amp;ssl=1 150w, https:\/\/i0.wp.com\/lescreasdelia.com\/wp-content\/uploads\/2024\/04\/1000003771.jpg?resize=768%2C768&amp;ssl=1 768w, https:\/\/i0.wp.com\/lescreasdelia.com\/wp-content\/uploads\/2024\/04\/1000003771.jpg?resize=800%2C800&amp;ssl=1 800w, https:\/\/i0.wp.com\/lescreasdelia.com\/wp-content\/uploads\/2024\/04\/1000003771.jpg?resize=600%2C600&amp;ssl=1 600w, https:\/\/i0.wp.com\/lescreasdelia.com\/wp-content\/uploads\/2024\/04\/1000003771.jpg?resize=400%2C400&amp;ssl=1 400w, https:\/\/i0.wp.com\/lescreasdelia.com\/wp-content\/uploads\/2024\/04\/1000003771.jpg?resize=200%2C200&amp;ssl=1 200w, https:\/\/i0.wp.com\/lescreasdelia.com\/wp-content\/uploads\/2024\/04\/1000003771.jpg?resize=100%2C100&amp;ssl=1 100w, https:\/\/i0.wp.com\/lescreasdelia.com\/wp-content\/uploads\/2024\/04\/1000003771.jpg?w=1080&amp;ssl=1 1080w\" sizes=\"(max-width: 300px) 100vw, 300px\" \/><\/p>\n<p>&nbsp;<\/p>\n","protected":false},"excerpt":{"rendered":"<p><em>Patrons pour crocheter les Adorables Peluches \u00ab\u00a0L<\/em>apin et Poule\u00a0\u00bb<\/p>\n<p>Tutoriels en Fran\u00e7ais et accessible aux d\u00e9butants.<\/p>\n<p>De nombreuses photos accompagnent chaque tutoriel.<\/p>\n<p>Les fichiers pdf sont \u00e0 t\u00e9l\u00e9charger imm\u00e9diatement apr\u00e8s paiement dans votre bo\u00eete mail ou sur le site .<\/p>\n","protected":false},"featured_media":4648,"comment_status":"open","ping_status":"closed","template":"elementor_theme","meta":{"_crdt_document":"","jetpack_publicize_message":"","jetpack_publicize_feature_enabled":true,"jetpack_social_post_already_shared":true,"jetpack_social_options":{"image_generator_settings":{"template":"highway","default_image_id":0,"font":"","enabled":false},"version":2}},"product_brand":[],"product_cat":[752348807],"product_tag":[752348980,752348981,752349045,752349046,752348838,752348909,752348946,752348906,752348910,752348912,752348982,752348828,752348794,752349006,752348929,752348797,752348800],"class_list":{"0":"post-2845","1":"product","2":"type-product","3":"status-publish","4":"has-post-thumbnail","6":"product_cat-patron-crochet-telechargeable","7":"product_tag-amigurumi-lapin","8":"product_tag-amigurumi-poule","9":"product_tag-cadeaux-naissance","10":"product_tag-cadeaux-noel","11":"product_tag-crochet-debutant","12":"product_tag-decoration-pour-paques","13":"product_tag-diy-paques","14":"product_tag-idees-cadeaux","15":"product_tag-lapin-de-paques","16":"product_tag-loisirs-creatifs","17":"product_tag-modeles-amigurumis","18":"product_tag-patron-crochet-en-francais","19":"product_tag-patron-telechargeable","20":"product_tag-peluche-animaux-en-laine","21":"product_tag-poule-de-paques","22":"product_tag-realiser-son-propre-amigurumi","23":"product_tag-tutoriel-au-crochet","24":"has-single-img","26":"first","27":"instock","28":"downloadable","29":"virtual","30":"sold-individually","31":"purchasable","32":"product-type-simple"},"yoast_head":"<!-- This site is optimized with the Yoast SEO plugin v27.4 - https:\/\/yoast.com\/product\/yoast-seo-wordpress\/ -->\n<title>Patrons Amigurumis P\u00e2ques Lapin et Poule - Les Cr\u00e9as de Lia<\/title>\n<meta name=\"description\" content=\"Retrouvez les Patrons des adorables amigurumis Lapin et Poule pour la d\u00e9coration de P\u00e2ques - Pdf \u00e0 t\u00e9l\u00e9charger en Fran\u00e7ais - Boutique Les Cr\u00e9as de Lia\" \/>\n<meta name=\"robots\" content=\"index, follow, max-snippet:-1, max-image-preview:large, max-video-preview:-1\" \/>\n<link rel=\"canonical\" href=\"https:\/\/lescreasdelia.com\/?product=patrons-amigurumis\" \/>\n<meta property=\"og:locale\" content=\"fr_FR\" \/>\n<meta property=\"og:type\" content=\"article\" \/>\n<meta property=\"og:title\" content=\"Patrons Amigurumis P\u00e2ques Lapin et Poule - Les Cr\u00e9as de Lia\" \/>\n<meta property=\"og:description\" content=\"Retrouvez les Patrons des adorables amigurumis Lapin et Poule pour la d\u00e9coration de P\u00e2ques - Pdf \u00e0 t\u00e9l\u00e9charger en Fran\u00e7ais - Boutique Les Cr\u00e9as de Lia\" \/>\n<meta property=\"og:url\" content=\"https:\/\/lescreasdelia.com\/?product=patrons-amigurumis\" \/>\n<meta property=\"og:site_name\" content=\"Les Cr\u00e9as de Lia\" \/>\n<meta property=\"article:publisher\" content=\"https:\/\/www.facebook.com\/lescreasdeliafaitmain\/\" \/>\n<meta property=\"article:modified_time\" content=\"2025-06-30T22:02:29+00:00\" \/>\n<meta property=\"og:image\" content=\"https:\/\/lescreasdelia.com\/wp-content\/uploads\/2024\/04\/1000003771.jpg\" \/>\n\t<meta property=\"og:image:width\" content=\"1080\" \/>\n\t<meta property=\"og:image:height\" content=\"1080\" \/>\n\t<meta property=\"og:image:type\" content=\"image\/jpeg\" \/>\n<meta name=\"twitter:card\" content=\"summary_large_image\" \/>\n<meta name=\"twitter:label1\" content=\"Dur\u00e9e de lecture estim\u00e9e\" \/>\n\t<meta name=\"twitter:data1\" content=\"2 minutes\" \/>\n<script type=\"application\/ld+json\" class=\"yoast-schema-graph\">{\"@context\":\"https:\\\/\\\/schema.org\",\"@graph\":[{\"@type\":\"WebPage\",\"@id\":\"https:\\\/\\\/lescreasdelia.com\\\/?product=patrons-amigurumis\",\"url\":\"https:\\\/\\\/lescreasdelia.com\\\/?product=patrons-amigurumis\",\"name\":\"Patrons Amigurumis P\u00e2ques Lapin et Poule - Les Cr\u00e9as de Lia\",\"isPartOf\":{\"@id\":\"https:\\\/\\\/lescreasdelia.com\\\/#website\"},\"primaryImageOfPage\":{\"@id\":\"https:\\\/\\\/lescreasdelia.com\\\/?product=patrons-amigurumis#primaryimage\"},\"image\":{\"@id\":\"https:\\\/\\\/lescreasdelia.com\\\/?product=patrons-amigurumis#primaryimage\"},\"thumbnailUrl\":\"https:\\\/\\\/i0.wp.com\\\/lescreasdelia.com\\\/wp-content\\\/uploads\\\/2024\\\/04\\\/1000003771.jpg?fit=1080%2C1080&ssl=1\",\"datePublished\":\"2023-03-01T11:53:41+00:00\",\"dateModified\":\"2025-06-30T22:02:29+00:00\",\"description\":\"Retrouvez les Patrons des adorables amigurumis Lapin et Poule pour la d\u00e9coration de P\u00e2ques - Pdf \u00e0 t\u00e9l\u00e9charger en Fran\u00e7ais - Boutique Les Cr\u00e9as de Lia\",\"breadcrumb\":{\"@id\":\"https:\\\/\\\/lescreasdelia.com\\\/?product=patrons-amigurumis#breadcrumb\"},\"inLanguage\":\"fr-FR\",\"potentialAction\":[{\"@type\":\"ReadAction\",\"target\":[\"https:\\\/\\\/lescreasdelia.com\\\/?product=patrons-amigurumis\"]}]},{\"@type\":\"ImageObject\",\"inLanguage\":\"fr-FR\",\"@id\":\"https:\\\/\\\/lescreasdelia.com\\\/?product=patrons-amigurumis#primaryimage\",\"url\":\"https:\\\/\\\/i0.wp.com\\\/lescreasdelia.com\\\/wp-content\\\/uploads\\\/2024\\\/04\\\/1000003771.jpg?fit=1080%2C1080&ssl=1\",\"contentUrl\":\"https:\\\/\\\/i0.wp.com\\\/lescreasdelia.com\\\/wp-content\\\/uploads\\\/2024\\\/04\\\/1000003771.jpg?fit=1080%2C1080&ssl=1\",\"width\":1080,\"height\":1080},{\"@type\":\"BreadcrumbList\",\"@id\":\"https:\\\/\\\/lescreasdelia.com\\\/?product=patrons-amigurumis#breadcrumb\",\"itemListElement\":[{\"@type\":\"ListItem\",\"position\":1,\"name\":\"Accueil\",\"item\":\"https:\\\/\\\/lescreasdelia.com\\\/\"},{\"@type\":\"ListItem\",\"position\":2,\"name\":\"Boutique\",\"item\":\"https:\\\/\\\/lescreasdelia.com\\\/\"},{\"@type\":\"ListItem\",\"position\":3,\"name\":\"Patrons Amigurumis au Crochet\",\"item\":\"https:\\\/\\\/lescreasdelia.com\\\/?product_cat=patron-crochet-telechargeable\"},{\"@type\":\"ListItem\",\"position\":4,\"name\":\"Patrons des Amigurumis au Crochet Lapin et Poule \u00e0 t\u00e9l\u00e9charger\"}]},{\"@type\":\"WebSite\",\"@id\":\"https:\\\/\\\/lescreasdelia.com\\\/#website\",\"url\":\"https:\\\/\\\/lescreasdelia.com\\\/\",\"name\":\"Les Cr\u00e9as de Lia\",\"description\":\"BLOG DIY Crochet &amp; Boutique Patrons Amigurumis et Accessoires Fait-main\",\"publisher\":{\"@id\":\"https:\\\/\\\/lescreasdelia.com\\\/#organization\"},\"potentialAction\":[{\"@type\":\"SearchAction\",\"target\":{\"@type\":\"EntryPoint\",\"urlTemplate\":\"https:\\\/\\\/lescreasdelia.com\\\/?s={search_term_string}\"},\"query-input\":{\"@type\":\"PropertyValueSpecification\",\"valueRequired\":true,\"valueName\":\"search_term_string\"}}],\"inLanguage\":\"fr-FR\"},{\"@type\":\"Organization\",\"@id\":\"https:\\\/\\\/lescreasdelia.com\\\/#organization\",\"name\":\"Les Cr\u00e9as de Lia\",\"url\":\"https:\\\/\\\/lescreasdelia.com\\\/\",\"logo\":{\"@type\":\"ImageObject\",\"inLanguage\":\"fr-FR\",\"@id\":\"https:\\\/\\\/lescreasdelia.com\\\/#\\\/schema\\\/logo\\\/image\\\/\",\"url\":\"https:\\\/\\\/i0.wp.com\\\/lescreasdelia.com\\\/wp-content\\\/uploads\\\/2022\\\/05\\\/cropped-cropped-logo-1.jpg?fit=657%2C657&ssl=1\",\"contentUrl\":\"https:\\\/\\\/i0.wp.com\\\/lescreasdelia.com\\\/wp-content\\\/uploads\\\/2022\\\/05\\\/cropped-cropped-logo-1.jpg?fit=657%2C657&ssl=1\",\"width\":657,\"height\":657,\"caption\":\"Les Cr\u00e9as de Lia\"},\"image\":{\"@id\":\"https:\\\/\\\/lescreasdelia.com\\\/#\\\/schema\\\/logo\\\/image\\\/\"},\"sameAs\":[\"https:\\\/\\\/www.facebook.com\\\/lescreasdeliafaitmain\\\/\",\"https:\\\/\\\/www.instagram.com\\\/les_creas_de_lia\\\/\",\"https:\\\/\\\/pin.it\\\/r0pH1pr\"]}]}<\/script>\n<!-- \/ Yoast SEO plugin. -->","yoast_head_json":{"title":"Patrons Amigurumis P\u00e2ques Lapin et Poule - Les Cr\u00e9as de Lia","description":"Retrouvez les Patrons des adorables amigurumis Lapin et Poule pour la d\u00e9coration de P\u00e2ques - Pdf \u00e0 t\u00e9l\u00e9charger en Fran\u00e7ais - Boutique Les Cr\u00e9as de Lia","robots":{"index":"index","follow":"follow","max-snippet":"max-snippet:-1","max-image-preview":"max-image-preview:large","max-video-preview":"max-video-preview:-1"},"canonical":"https:\/\/lescreasdelia.com\/?product=patrons-amigurumis","og_locale":"fr_FR","og_type":"article","og_title":"Patrons Amigurumis P\u00e2ques Lapin et Poule - Les Cr\u00e9as de Lia","og_description":"Retrouvez les Patrons des adorables amigurumis Lapin et Poule pour la d\u00e9coration de P\u00e2ques - Pdf \u00e0 t\u00e9l\u00e9charger en Fran\u00e7ais - Boutique Les Cr\u00e9as de Lia","og_url":"https:\/\/lescreasdelia.com\/?product=patrons-amigurumis","og_site_name":"Les Cr\u00e9as de Lia","article_publisher":"https:\/\/www.facebook.com\/lescreasdeliafaitmain\/","article_modified_time":"2025-06-30T22:02:29+00:00","og_image":[{"width":1080,"height":1080,"url":"https:\/\/lescreasdelia.com\/wp-content\/uploads\/2024\/04\/1000003771.jpg","type":"image\/jpeg"}],"twitter_card":"summary_large_image","twitter_misc":{"Dur\u00e9e de lecture estim\u00e9e":"2 minutes"},"schema":{"@context":"https:\/\/schema.org","@graph":[{"@type":"WebPage","@id":"https:\/\/lescreasdelia.com\/?product=patrons-amigurumis","url":"https:\/\/lescreasdelia.com\/?product=patrons-amigurumis","name":"Patrons Amigurumis P\u00e2ques Lapin et Poule - Les Cr\u00e9as de Lia","isPartOf":{"@id":"https:\/\/lescreasdelia.com\/#website"},"primaryImageOfPage":{"@id":"https:\/\/lescreasdelia.com\/?product=patrons-amigurumis#primaryimage"},"image":{"@id":"https:\/\/lescreasdelia.com\/?product=patrons-amigurumis#primaryimage"},"thumbnailUrl":"https:\/\/i0.wp.com\/lescreasdelia.com\/wp-content\/uploads\/2024\/04\/1000003771.jpg?fit=1080%2C1080&ssl=1","datePublished":"2023-03-01T11:53:41+00:00","dateModified":"2025-06-30T22:02:29+00:00","description":"Retrouvez les Patrons des adorables amigurumis Lapin et Poule pour la d\u00e9coration de P\u00e2ques - Pdf \u00e0 t\u00e9l\u00e9charger en Fran\u00e7ais - Boutique Les Cr\u00e9as de Lia","breadcrumb":{"@id":"https:\/\/lescreasdelia.com\/?product=patrons-amigurumis#breadcrumb"},"inLanguage":"fr-FR","potentialAction":[{"@type":"ReadAction","target":["https:\/\/lescreasdelia.com\/?product=patrons-amigurumis"]}]},{"@type":"ImageObject","inLanguage":"fr-FR","@id":"https:\/\/lescreasdelia.com\/?product=patrons-amigurumis#primaryimage","url":"https:\/\/i0.wp.com\/lescreasdelia.com\/wp-content\/uploads\/2024\/04\/1000003771.jpg?fit=1080%2C1080&ssl=1","contentUrl":"https:\/\/i0.wp.com\/lescreasdelia.com\/wp-content\/uploads\/2024\/04\/1000003771.jpg?fit=1080%2C1080&ssl=1","width":1080,"height":1080},{"@type":"BreadcrumbList","@id":"https:\/\/lescreasdelia.com\/?product=patrons-amigurumis#breadcrumb","itemListElement":[{"@type":"ListItem","position":1,"name":"Accueil","item":"https:\/\/lescreasdelia.com\/"},{"@type":"ListItem","position":2,"name":"Boutique","item":"https:\/\/lescreasdelia.com\/"},{"@type":"ListItem","position":3,"name":"Patrons Amigurumis au Crochet","item":"https:\/\/lescreasdelia.com\/?product_cat=patron-crochet-telechargeable"},{"@type":"ListItem","position":4,"name":"Patrons des Amigurumis au Crochet Lapin et Poule \u00e0 t\u00e9l\u00e9charger"}]},{"@type":"WebSite","@id":"https:\/\/lescreasdelia.com\/#website","url":"https:\/\/lescreasdelia.com\/","name":"Les Cr\u00e9as de Lia","description":"BLOG DIY Crochet &amp; Boutique Patrons Amigurumis et Accessoires Fait-main","publisher":{"@id":"https:\/\/lescreasdelia.com\/#organization"},"potentialAction":[{"@type":"SearchAction","target":{"@type":"EntryPoint","urlTemplate":"https:\/\/lescreasdelia.com\/?s={search_term_string}"},"query-input":{"@type":"PropertyValueSpecification","valueRequired":true,"valueName":"search_term_string"}}],"inLanguage":"fr-FR"},{"@type":"Organization","@id":"https:\/\/lescreasdelia.com\/#organization","name":"Les Cr\u00e9as de Lia","url":"https:\/\/lescreasdelia.com\/","logo":{"@type":"ImageObject","inLanguage":"fr-FR","@id":"https:\/\/lescreasdelia.com\/#\/schema\/logo\/image\/","url":"https:\/\/i0.wp.com\/lescreasdelia.com\/wp-content\/uploads\/2022\/05\/cropped-cropped-logo-1.jpg?fit=657%2C657&ssl=1","contentUrl":"https:\/\/i0.wp.com\/lescreasdelia.com\/wp-content\/uploads\/2022\/05\/cropped-cropped-logo-1.jpg?fit=657%2C657&ssl=1","width":657,"height":657,"caption":"Les Cr\u00e9as de Lia"},"image":{"@id":"https:\/\/lescreasdelia.com\/#\/schema\/logo\/image\/"},"sameAs":["https:\/\/www.facebook.com\/lescreasdeliafaitmain\/","https:\/\/www.instagram.com\/les_creas_de_lia\/","https:\/\/pin.it\/r0pH1pr"]}]}},"jetpack_publicize_connections":[],"jetpack_likes_enabled":true,"jetpack_sharing_enabled":true,"jetpack-related-posts":[],"_links":{"self":[{"href":"https:\/\/lescreasdelia.com\/index.php?rest_route=\/wp\/v2\/product\/2845","targetHints":{"allow":["GET"]}}],"collection":[{"href":"https:\/\/lescreasdelia.com\/index.php?rest_route=\/wp\/v2\/product"}],"about":[{"href":"https:\/\/lescreasdelia.com\/index.php?rest_route=\/wp\/v2\/types\/product"}],"replies":[{"embeddable":true,"href":"https:\/\/lescreasdelia.com\/index.php?rest_route=%2Fwp%2Fv2%2Fcomments&post=2845"}],"version-history":[{"count":10,"href":"https:\/\/lescreasdelia.com\/index.php?rest_route=\/wp\/v2\/product\/2845\/revisions"}],"predecessor-version":[{"id":4650,"href":"https:\/\/lescreasdelia.com\/index.php?rest_route=\/wp\/v2\/product\/2845\/revisions\/4650"}],"wp:featuredmedia":[{"embeddable":true,"href":"https:\/\/lescreasdelia.com\/index.php?rest_route=\/wp\/v2\/media\/4648"}],"wp:attachment":[{"href":"https:\/\/lescreasdelia.com\/index.php?rest_route=%2Fwp%2Fv2%2Fmedia&parent=2845"}],"wp:term":[{"taxonomy":"product_brand","embeddable":true,"href":"https:\/\/lescreasdelia.com\/index.php?rest_route=%2Fwp%2Fv2%2Fproduct_brand&post=2845"},{"taxonomy":"product_cat","embeddable":true,"href":"https:\/\/lescreasdelia.com\/index.php?rest_route=%2Fwp%2Fv2%2Fproduct_cat&post=2845"},{"taxonomy":"product_tag","embeddable":true,"href":"https:\/\/lescreasdelia.com\/index.php?rest_route=%2Fwp%2Fv2%2Fproduct_tag&post=2845"}],"curies":[{"name":"wp","href":"https:\/\/api.w.org\/{rel}","templated":true}]}}