{"id":2522,"date":"2023-02-20T12:34:19","date_gmt":"2023-02-20T11:34:19","guid":{"rendered":"https:\/\/lescreasdelia.com\/?post_type=product&#038;p=2522"},"modified":"2025-06-02T18:53:02","modified_gmt":"2025-06-02T16:53:02","slug":"tutoriel-crochet-amigurumi-poule","status":"publish","type":"product","link":"https:\/\/lescreasdelia.com\/?product=tutoriel-crochet-amigurumi-poule","title":{"rendered":"Patron Amigurumi Poule au crochet \u00e0 t\u00e9l\u00e9charger"},"content":{"rendered":"<blockquote><p>Patron au Crochet de l&rsquo;amigurumi Poule \u00e0 r\u00e9aliser soi-m\u00eame !!<\/p><\/blockquote>\n<p>Le DIY id\u00e9al pour pr\u00e9parer la d\u00e9coration de P\u00e2ques !!<\/p>\n<p>Le Tutoriel est en Fran\u00e7ais et il est accessible aux d\u00e9butants.<\/p>\n<p>Le patron comporte 24 pages avec les explications d\u00e9taill\u00e9es pas \u00e0 pas et plus de 40 photos .<\/p>\n<p>La peluche finie mesure environ 9 cm.<\/p>\n<p>Le mat\u00e9riel n\u00e9cessaire :<\/p>\n<p>&#8211; crochet taille 2,5<\/p>\n<p>-laine coton marque ricorumi<\/p>\n<p>-ouate de rembourrage<\/p>\n<p>-yeux de s\u00e9curit\u00e9<\/p>\n<p>-marqueur de rang<\/p>\n<p>-fil broderie noir<\/p>\n<p>-ciseau<\/p>\n<p>Temps de r\u00e9alisation environ 2h30.<\/p>\n<p>Si vous avez des questions n&rsquo;h\u00e9sitez pas \u00e0 me contacter<\/p>\n<p>\u27a1\ufe0f<a href=\"https:\/\/lescreasdelia.com\/\">https:\/\/lescreasdelia.com\/<\/a><\/p>\n<p>Pensez \u00e0 visiter mon compte instagram et Facebook pour en savoir plus \u27a1\ufe0f<a href=\"https:\/\/www.instagram.com\/les_creas_de_lia\/\">https:\/\/www.instagram.com\/les_creas_de_lia\/<\/a><\/p>\n<p>\u27a1\ufe0f<a href=\"https:\/\/www.facebook.com\/lescreasdeliafaitmain\/\">https:\/\/www.facebook.com\/lescreasdeliafaitmain\/<\/a><\/p>\n<p><a href=\"http:\/\/lescreasdelia.com\"><img data-recalc-dims=\"1\" fetchpriority=\"high\" decoding=\"async\" data-attachment-id=\"249\" data-permalink=\"https:\/\/lescreasdelia.com\/?attachment_id=249\" data-orig-file=\"https:\/\/i0.wp.com\/lescreasdelia.com\/wp-content\/uploads\/2022\/05\/logo.jpg?fit=709%2C709&amp;ssl=1\" data-orig-size=\"709,709\" data-comments-opened=\"1\" data-image-meta=\"{&quot;aperture&quot;:&quot;0&quot;,&quot;credit&quot;:&quot;&quot;,&quot;camera&quot;:&quot;&quot;,&quot;caption&quot;:&quot;&quot;,&quot;created_timestamp&quot;:&quot;0&quot;,&quot;copyright&quot;:&quot;&quot;,&quot;focal_length&quot;:&quot;0&quot;,&quot;iso&quot;:&quot;0&quot;,&quot;shutter_speed&quot;:&quot;0&quot;,&quot;title&quot;:&quot;&quot;,&quot;orientation&quot;:&quot;1&quot;}\" data-image-title=\"logo\" data-image-description=\"\" data-image-caption=\"\" data-large-file=\"https:\/\/i0.wp.com\/lescreasdelia.com\/wp-content\/uploads\/2022\/05\/logo.jpg?fit=709%2C709&amp;ssl=1\" class=\"aligncenter wp-image-249 size-full\" src=\"https:\/\/i0.wp.com\/lescreasdelia.com\/wp-content\/uploads\/2022\/05\/logo.jpg?resize=709%2C709&#038;ssl=1\" alt=\"Patron Amigurumi Poule de P\u00e2ques. Visitez la boutique pour en savoir plus \" width=\"709\" height=\"709\" \/><\/a><\/p>\n","protected":false},"excerpt":{"rendered":"<blockquote><p>\ud83d\udc14Patron de Dom&rsquo;Poulette L&rsquo; amigurumi \u00e0 crocheter soi-m\u00eame<\/p><\/blockquote>\n<p>Accessible aux d\u00e9butants et uniquement en Fran\u00e7ais<\/p>\n<p>Le Tutoriel pas \u00e0 pas comporte 24 pages et plus 40 photos explicatives<\/p>\n<p>Temps de r\u00e9alisation 2h30<\/p>\n<p>Le fichier pdf est disponible imm\u00e9diatement apr\u00e8s paiement dans votre bo\u00eete mail.<\/p>\n<p>Les retours et remboursements ne sont donc pas accept\u00e9s.<\/p>\n","protected":false},"featured_media":3232,"comment_status":"open","ping_status":"closed","template":"elementor_theme","meta":{"_crdt_document":"","jetpack_publicize_message":"","jetpack_publicize_feature_enabled":true,"jetpack_social_post_already_shared":true,"jetpack_social_options":{"image_generator_settings":{"template":"highway","default_image_id":0,"font":"","enabled":false},"version":2}},"product_brand":[],"product_cat":[752348807],"product_tag":[752348928,752348805,752348865,752348838,752348909,752348799,752348796,752348912,752348828,752348794,752348929,752348797,752348800,752348801],"class_list":{"0":"post-2522","1":"product","2":"type-product","3":"status-publish","4":"has-post-thumbnail","6":"product_cat-patron-crochet-telechargeable","7":"product_tag-amigurumi-poule-au-crochet","8":"product_tag-animaux-en-laine","9":"product_tag-crochet","10":"product_tag-crochet-debutant","11":"product_tag-decoration-pour-paques","12":"product_tag-diy","13":"product_tag-faire-soi-meme","14":"product_tag-loisirs-creatifs","15":"product_tag-patron-crochet-en-francais","16":"product_tag-patron-telechargeable","17":"product_tag-poule-de-paques","18":"product_tag-realiser-son-propre-amigurumi","19":"product_tag-tutoriel-au-crochet","20":"product_tag-tutoriel-en-francais","21":"has-single-img","23":"first","24":"instock","25":"downloadable","26":"virtual","27":"sold-individually","28":"purchasable","29":"product-type-simple"},"yoast_head":"<!-- This site is optimized with the Yoast SEO plugin v27.4 - https:\/\/yoast.com\/product\/yoast-seo-wordpress\/ -->\n<title>Patron Amigurumi Poule au crochet \u00e0 t\u00e9l\u00e9charger - Les Cr\u00e9as de Lia<\/title>\n<meta name=\"description\" content=\"Patron Amigurumi Poule au crochet \u00e0 t\u00e9l\u00e9charger en Fran\u00e7ais - accessible aux d\u00e9butants - Blog Diy &amp; Boutique Les Cr\u00e9as de Lia\" \/>\n<meta name=\"robots\" content=\"index, follow, max-snippet:-1, max-image-preview:large, max-video-preview:-1\" \/>\n<link rel=\"canonical\" href=\"https:\/\/lescreasdelia.com\/?product=tutoriel-crochet-amigurumi-poule\" \/>\n<meta property=\"og:locale\" content=\"fr_FR\" \/>\n<meta property=\"og:type\" content=\"article\" \/>\n<meta property=\"og:title\" content=\"Patron Amigurumi Poule au crochet \u00e0 t\u00e9l\u00e9charger - Les Cr\u00e9as de Lia\" \/>\n<meta property=\"og:description\" content=\"Patron Amigurumi Poule au crochet \u00e0 t\u00e9l\u00e9charger en Fran\u00e7ais - accessible aux d\u00e9butants - Blog Diy &amp; Boutique Les Cr\u00e9as de Lia\" \/>\n<meta property=\"og:url\" content=\"https:\/\/lescreasdelia.com\/?product=tutoriel-crochet-amigurumi-poule\" \/>\n<meta property=\"og:site_name\" content=\"Les Cr\u00e9as de Lia\" \/>\n<meta property=\"article:publisher\" content=\"https:\/\/www.facebook.com\/lescreasdeliafaitmain\/\" \/>\n<meta property=\"article:modified_time\" content=\"2025-06-02T16:53:02+00:00\" \/>\n<meta property=\"og:image\" content=\"https:\/\/lescreasdelia.com\/wp-content\/uploads\/2023\/02\/1000009208.jpg\" \/>\n\t<meta property=\"og:image:width\" content=\"2000\" \/>\n\t<meta property=\"og:image:height\" content=\"1600\" \/>\n\t<meta property=\"og:image:type\" content=\"image\/jpeg\" \/>\n<meta name=\"twitter:card\" content=\"summary_large_image\" \/>\n<meta name=\"twitter:label1\" content=\"Dur\u00e9e de lecture estim\u00e9e\" \/>\n\t<meta name=\"twitter:data1\" content=\"1 minute\" \/>\n<script type=\"application\/ld+json\" class=\"yoast-schema-graph\">{\"@context\":\"https:\\\/\\\/schema.org\",\"@graph\":[{\"@type\":\"WebPage\",\"@id\":\"https:\\\/\\\/lescreasdelia.com\\\/?product=tutoriel-crochet-amigurumi-poule\",\"url\":\"https:\\\/\\\/lescreasdelia.com\\\/?product=tutoriel-crochet-amigurumi-poule\",\"name\":\"Patron Amigurumi Poule au crochet \u00e0 t\u00e9l\u00e9charger - Les Cr\u00e9as de Lia\",\"isPartOf\":{\"@id\":\"https:\\\/\\\/lescreasdelia.com\\\/#website\"},\"primaryImageOfPage\":{\"@id\":\"https:\\\/\\\/lescreasdelia.com\\\/?product=tutoriel-crochet-amigurumi-poule#primaryimage\"},\"image\":{\"@id\":\"https:\\\/\\\/lescreasdelia.com\\\/?product=tutoriel-crochet-amigurumi-poule#primaryimage\"},\"thumbnailUrl\":\"https:\\\/\\\/i0.wp.com\\\/lescreasdelia.com\\\/wp-content\\\/uploads\\\/2023\\\/04\\\/1000010891.jpg?fit=1080%2C1080&ssl=1\",\"datePublished\":\"2023-02-20T11:34:19+00:00\",\"dateModified\":\"2025-06-02T16:53:02+00:00\",\"description\":\"Patron Amigurumi Poule au crochet \u00e0 t\u00e9l\u00e9charger en Fran\u00e7ais - accessible aux d\u00e9butants - Blog Diy & Boutique Les Cr\u00e9as de Lia\",\"breadcrumb\":{\"@id\":\"https:\\\/\\\/lescreasdelia.com\\\/?product=tutoriel-crochet-amigurumi-poule#breadcrumb\"},\"inLanguage\":\"fr-FR\",\"potentialAction\":[{\"@type\":\"ReadAction\",\"target\":[\"https:\\\/\\\/lescreasdelia.com\\\/?product=tutoriel-crochet-amigurumi-poule\"]}]},{\"@type\":\"ImageObject\",\"inLanguage\":\"fr-FR\",\"@id\":\"https:\\\/\\\/lescreasdelia.com\\\/?product=tutoriel-crochet-amigurumi-poule#primaryimage\",\"url\":\"https:\\\/\\\/i0.wp.com\\\/lescreasdelia.com\\\/wp-content\\\/uploads\\\/2023\\\/04\\\/1000010891.jpg?fit=1080%2C1080&ssl=1\",\"contentUrl\":\"https:\\\/\\\/i0.wp.com\\\/lescreasdelia.com\\\/wp-content\\\/uploads\\\/2023\\\/04\\\/1000010891.jpg?fit=1080%2C1080&ssl=1\",\"width\":1080,\"height\":1080},{\"@type\":\"BreadcrumbList\",\"@id\":\"https:\\\/\\\/lescreasdelia.com\\\/?product=tutoriel-crochet-amigurumi-poule#breadcrumb\",\"itemListElement\":[{\"@type\":\"ListItem\",\"position\":1,\"name\":\"Accueil\",\"item\":\"https:\\\/\\\/lescreasdelia.com\\\/\"},{\"@type\":\"ListItem\",\"position\":2,\"name\":\"Boutique\",\"item\":\"https:\\\/\\\/lescreasdelia.com\\\/\"},{\"@type\":\"ListItem\",\"position\":3,\"name\":\"Patrons Amigurumis au Crochet\",\"item\":\"https:\\\/\\\/lescreasdelia.com\\\/?product_cat=patron-crochet-telechargeable\"},{\"@type\":\"ListItem\",\"position\":4,\"name\":\"Patron Amigurumi Poule au crochet \u00e0 t\u00e9l\u00e9charger\"}]},{\"@type\":\"WebSite\",\"@id\":\"https:\\\/\\\/lescreasdelia.com\\\/#website\",\"url\":\"https:\\\/\\\/lescreasdelia.com\\\/\",\"name\":\"Les Cr\u00e9as de Lia\",\"description\":\"BLOG DIY Crochet &amp; Boutique Patrons Amigurumis et Accessoires Fait-main\",\"publisher\":{\"@id\":\"https:\\\/\\\/lescreasdelia.com\\\/#organization\"},\"potentialAction\":[{\"@type\":\"SearchAction\",\"target\":{\"@type\":\"EntryPoint\",\"urlTemplate\":\"https:\\\/\\\/lescreasdelia.com\\\/?s={search_term_string}\"},\"query-input\":{\"@type\":\"PropertyValueSpecification\",\"valueRequired\":true,\"valueName\":\"search_term_string\"}}],\"inLanguage\":\"fr-FR\"},{\"@type\":\"Organization\",\"@id\":\"https:\\\/\\\/lescreasdelia.com\\\/#organization\",\"name\":\"Les Cr\u00e9as de Lia\",\"url\":\"https:\\\/\\\/lescreasdelia.com\\\/\",\"logo\":{\"@type\":\"ImageObject\",\"inLanguage\":\"fr-FR\",\"@id\":\"https:\\\/\\\/lescreasdelia.com\\\/#\\\/schema\\\/logo\\\/image\\\/\",\"url\":\"https:\\\/\\\/i0.wp.com\\\/lescreasdelia.com\\\/wp-content\\\/uploads\\\/2022\\\/05\\\/cropped-cropped-logo-1.jpg?fit=657%2C657&ssl=1\",\"contentUrl\":\"https:\\\/\\\/i0.wp.com\\\/lescreasdelia.com\\\/wp-content\\\/uploads\\\/2022\\\/05\\\/cropped-cropped-logo-1.jpg?fit=657%2C657&ssl=1\",\"width\":657,\"height\":657,\"caption\":\"Les Cr\u00e9as de Lia\"},\"image\":{\"@id\":\"https:\\\/\\\/lescreasdelia.com\\\/#\\\/schema\\\/logo\\\/image\\\/\"},\"sameAs\":[\"https:\\\/\\\/www.facebook.com\\\/lescreasdeliafaitmain\\\/\",\"https:\\\/\\\/www.instagram.com\\\/les_creas_de_lia\\\/\",\"https:\\\/\\\/pin.it\\\/r0pH1pr\"]}]}<\/script>\n<!-- \/ Yoast SEO plugin. -->","yoast_head_json":{"title":"Patron Amigurumi Poule au crochet \u00e0 t\u00e9l\u00e9charger - Les Cr\u00e9as de Lia","description":"Patron Amigurumi Poule au crochet \u00e0 t\u00e9l\u00e9charger en Fran\u00e7ais - accessible aux d\u00e9butants - Blog Diy & Boutique Les Cr\u00e9as de Lia","robots":{"index":"index","follow":"follow","max-snippet":"max-snippet:-1","max-image-preview":"max-image-preview:large","max-video-preview":"max-video-preview:-1"},"canonical":"https:\/\/lescreasdelia.com\/?product=tutoriel-crochet-amigurumi-poule","og_locale":"fr_FR","og_type":"article","og_title":"Patron Amigurumi Poule au crochet \u00e0 t\u00e9l\u00e9charger - Les Cr\u00e9as de Lia","og_description":"Patron Amigurumi Poule au crochet \u00e0 t\u00e9l\u00e9charger en Fran\u00e7ais - accessible aux d\u00e9butants - Blog Diy & Boutique Les Cr\u00e9as de Lia","og_url":"https:\/\/lescreasdelia.com\/?product=tutoriel-crochet-amigurumi-poule","og_site_name":"Les Cr\u00e9as de Lia","article_publisher":"https:\/\/www.facebook.com\/lescreasdeliafaitmain\/","article_modified_time":"2025-06-02T16:53:02+00:00","og_image":[{"width":2000,"height":1600,"url":"https:\/\/lescreasdelia.com\/wp-content\/uploads\/2023\/02\/1000009208.jpg","type":"image\/jpeg"}],"twitter_card":"summary_large_image","twitter_misc":{"Dur\u00e9e de lecture estim\u00e9e":"1 minute"},"schema":{"@context":"https:\/\/schema.org","@graph":[{"@type":"WebPage","@id":"https:\/\/lescreasdelia.com\/?product=tutoriel-crochet-amigurumi-poule","url":"https:\/\/lescreasdelia.com\/?product=tutoriel-crochet-amigurumi-poule","name":"Patron Amigurumi Poule au crochet \u00e0 t\u00e9l\u00e9charger - Les Cr\u00e9as de Lia","isPartOf":{"@id":"https:\/\/lescreasdelia.com\/#website"},"primaryImageOfPage":{"@id":"https:\/\/lescreasdelia.com\/?product=tutoriel-crochet-amigurumi-poule#primaryimage"},"image":{"@id":"https:\/\/lescreasdelia.com\/?product=tutoriel-crochet-amigurumi-poule#primaryimage"},"thumbnailUrl":"https:\/\/i0.wp.com\/lescreasdelia.com\/wp-content\/uploads\/2023\/04\/1000010891.jpg?fit=1080%2C1080&ssl=1","datePublished":"2023-02-20T11:34:19+00:00","dateModified":"2025-06-02T16:53:02+00:00","description":"Patron Amigurumi Poule au crochet \u00e0 t\u00e9l\u00e9charger en Fran\u00e7ais - accessible aux d\u00e9butants - Blog Diy & Boutique Les Cr\u00e9as de Lia","breadcrumb":{"@id":"https:\/\/lescreasdelia.com\/?product=tutoriel-crochet-amigurumi-poule#breadcrumb"},"inLanguage":"fr-FR","potentialAction":[{"@type":"ReadAction","target":["https:\/\/lescreasdelia.com\/?product=tutoriel-crochet-amigurumi-poule"]}]},{"@type":"ImageObject","inLanguage":"fr-FR","@id":"https:\/\/lescreasdelia.com\/?product=tutoriel-crochet-amigurumi-poule#primaryimage","url":"https:\/\/i0.wp.com\/lescreasdelia.com\/wp-content\/uploads\/2023\/04\/1000010891.jpg?fit=1080%2C1080&ssl=1","contentUrl":"https:\/\/i0.wp.com\/lescreasdelia.com\/wp-content\/uploads\/2023\/04\/1000010891.jpg?fit=1080%2C1080&ssl=1","width":1080,"height":1080},{"@type":"BreadcrumbList","@id":"https:\/\/lescreasdelia.com\/?product=tutoriel-crochet-amigurumi-poule#breadcrumb","itemListElement":[{"@type":"ListItem","position":1,"name":"Accueil","item":"https:\/\/lescreasdelia.com\/"},{"@type":"ListItem","position":2,"name":"Boutique","item":"https:\/\/lescreasdelia.com\/"},{"@type":"ListItem","position":3,"name":"Patrons Amigurumis au Crochet","item":"https:\/\/lescreasdelia.com\/?product_cat=patron-crochet-telechargeable"},{"@type":"ListItem","position":4,"name":"Patron Amigurumi Poule au crochet \u00e0 t\u00e9l\u00e9charger"}]},{"@type":"WebSite","@id":"https:\/\/lescreasdelia.com\/#website","url":"https:\/\/lescreasdelia.com\/","name":"Les Cr\u00e9as de Lia","description":"BLOG DIY Crochet &amp; Boutique Patrons Amigurumis et Accessoires Fait-main","publisher":{"@id":"https:\/\/lescreasdelia.com\/#organization"},"potentialAction":[{"@type":"SearchAction","target":{"@type":"EntryPoint","urlTemplate":"https:\/\/lescreasdelia.com\/?s={search_term_string}"},"query-input":{"@type":"PropertyValueSpecification","valueRequired":true,"valueName":"search_term_string"}}],"inLanguage":"fr-FR"},{"@type":"Organization","@id":"https:\/\/lescreasdelia.com\/#organization","name":"Les Cr\u00e9as de Lia","url":"https:\/\/lescreasdelia.com\/","logo":{"@type":"ImageObject","inLanguage":"fr-FR","@id":"https:\/\/lescreasdelia.com\/#\/schema\/logo\/image\/","url":"https:\/\/i0.wp.com\/lescreasdelia.com\/wp-content\/uploads\/2022\/05\/cropped-cropped-logo-1.jpg?fit=657%2C657&ssl=1","contentUrl":"https:\/\/i0.wp.com\/lescreasdelia.com\/wp-content\/uploads\/2022\/05\/cropped-cropped-logo-1.jpg?fit=657%2C657&ssl=1","width":657,"height":657,"caption":"Les Cr\u00e9as de Lia"},"image":{"@id":"https:\/\/lescreasdelia.com\/#\/schema\/logo\/image\/"},"sameAs":["https:\/\/www.facebook.com\/lescreasdeliafaitmain\/","https:\/\/www.instagram.com\/les_creas_de_lia\/","https:\/\/pin.it\/r0pH1pr"]}]}},"jetpack_publicize_connections":[],"jetpack_likes_enabled":true,"jetpack_sharing_enabled":true,"jetpack-related-posts":[],"_links":{"self":[{"href":"https:\/\/lescreasdelia.com\/index.php?rest_route=\/wp\/v2\/product\/2522","targetHints":{"allow":["GET"]}}],"collection":[{"href":"https:\/\/lescreasdelia.com\/index.php?rest_route=\/wp\/v2\/product"}],"about":[{"href":"https:\/\/lescreasdelia.com\/index.php?rest_route=\/wp\/v2\/types\/product"}],"replies":[{"embeddable":true,"href":"https:\/\/lescreasdelia.com\/index.php?rest_route=%2Fwp%2Fv2%2Fcomments&post=2522"}],"version-history":[{"count":7,"href":"https:\/\/lescreasdelia.com\/index.php?rest_route=\/wp\/v2\/product\/2522\/revisions"}],"predecessor-version":[{"id":2980,"href":"https:\/\/lescreasdelia.com\/index.php?rest_route=\/wp\/v2\/product\/2522\/revisions\/2980"}],"wp:featuredmedia":[{"embeddable":true,"href":"https:\/\/lescreasdelia.com\/index.php?rest_route=\/wp\/v2\/media\/3232"}],"wp:attachment":[{"href":"https:\/\/lescreasdelia.com\/index.php?rest_route=%2Fwp%2Fv2%2Fmedia&parent=2522"}],"wp:term":[{"taxonomy":"product_brand","embeddable":true,"href":"https:\/\/lescreasdelia.com\/index.php?rest_route=%2Fwp%2Fv2%2Fproduct_brand&post=2522"},{"taxonomy":"product_cat","embeddable":true,"href":"https:\/\/lescreasdelia.com\/index.php?rest_route=%2Fwp%2Fv2%2Fproduct_cat&post=2522"},{"taxonomy":"product_tag","embeddable":true,"href":"https:\/\/lescreasdelia.com\/index.php?rest_route=%2Fwp%2Fv2%2Fproduct_tag&post=2522"}],"curies":[{"name":"wp","href":"https:\/\/api.w.org\/{rel}","templated":true}]}}