{"id":1084,"date":"2022-09-27T19:28:09","date_gmt":"2022-09-27T17:28:09","guid":{"rendered":"https:\/\/lescreasdelia.com\/?post_type=product&#038;p=1084"},"modified":"2025-04-28T08:53:49","modified_gmt":"2025-04-28T06:53:49","slug":"patron-amigurumi-dinosaure","status":"publish","type":"product","link":"https:\/\/lescreasdelia.com\/?product=patron-amigurumi-dinosaure","title":{"rendered":"Patron Crochet \u00e0 t\u00e9l\u00e9charger pour r\u00e9aliser sa propre peluche Dinosaure en laine"},"content":{"rendered":"<blockquote><p><span style=\"font-size: 17px;\">D\u00e9couvrez le Nouveau Patron au Crochet pour r\u00e9aliser l&rsquo;adorable Amigurumi Dinosaure .<\/span><\/p>\n<p><span style=\"font-size: 17px;\">Le Tutoriel \u00e0 t\u00e9l\u00e9charger est en fran\u00e7ais uniquement et il est accessible au d\u00e9butant .<\/span><\/p><\/blockquote>\n<p>\ud83d\udcd6Le Patron est un fichier PDF comprenant 20 pages avec toutes les \u00e9tapes pas \u00e0 pas et de nombreuses photos explicatives pour r\u00e9aliser votre amigurumi facilement.<\/p>\n<p>\ud83d\ude0aNiveau d\u00e9butant :<\/p>\n<p>Les points utilis\u00e9s sont le cercle magique, la maille serr\u00e9e simple ,la maille serr\u00e9e sur brin arri\u00e8re, les augmentations et diminutions de maille .<\/p>\n<h2>Des vid\u00e9os explicatives sont disponibles sur le blog : Les bases pour commencer son premier amigurumi.<\/h2>\n<p>La peluche finale mesure approximativement 8cm mais la taille varie selon la laine et le crochet que vous utiliserez.<\/p>\n<p>\ud83e\uddf6Vous avez besoin d&rsquo;un crochet taille 2,5 et de la laine 100% coton marque dmc happy coton , un marqueur de rang ,de la ouate de rembourrage, une aiguille pour la couture et du fil \u00e0 broder ou des yeux de s\u00e9curit\u00e9 \u00e0 clipper.<\/p>\n<h2>Vous recevrez le fichier imm\u00e9diatement apr\u00e8s paiement dans votre bo\u00eete mail .<\/h2>\n<p>Les retours et remboursements ne sont pas accept\u00e9s .<\/p>\n<p>Ce patron ne peut \u00eatre modifi\u00e9 , reproduit ou publi\u00e9 en partie ou enti\u00e8rement ou \u00eatre revendu.<\/p>\n<p><strong>Si vous avez des questions n&rsquo;h\u00e9sitez pas \u00e0 me contacter Lescreasdelia@outlook.fr<\/strong><\/p>\n<p>Pour en savoir plus sur mes cr\u00e9ations Pensez \u00e0 visiter :<\/p>\n<p>\u2022 Mon compte <a href=\"https:\/\/www.instagram.com\/les_creas_de_lia\/\">instagram<\/a><\/p>\n<p>\u2022 mon <a href=\"http:\/\/www.lescreasdelia.com\">Blog DIY &amp; CROCHET<\/a><\/p>\n<p>Pour d\u00e9couvrir tous les Patrons des Amigurumis \u00e0 crocheter , c&rsquo;est <a href=\"https:\/\/lescreasdelia.com\/boutique\">ici<\/a> sur la <a href=\"https:\/\/lescreasdelia.com\/?page_id=445\">boutique<\/a> .<\/p>\n<p>Bon crochet !!<\/p>\n","protected":false},"excerpt":{"rendered":"<blockquote><p>Tutoriel t\u00e9l\u00e9chargeable pour r\u00e9aliser soi m\u00eame son propre Amigurumi Dinosaure au crochet<\/p><\/blockquote>\n<p>Le tutoriel est d\u00e9taill\u00e9 \u00e9tape par \u00e9tape avec des photos pour avoir plus de d\u00e9tails.<\/p>\n<p>En Fran\u00e7ais uniquement<\/p>\n<p>Niveau facile<\/p>\n<p>Le Fichier est \u00e0 t\u00e9l\u00e9charger Imm\u00e9diatement apr\u00e8s paiement dans votre bo\u00eete mail !!!<\/p>\n<p>Les retours et \u00e9changes ne sont donc pas accept\u00e9s<\/p>\n","protected":false},"featured_media":4780,"comment_status":"open","ping_status":"closed","template":"elementor_theme","meta":{"_crdt_document":"","jetpack_publicize_message":"","jetpack_publicize_feature_enabled":true,"jetpack_social_post_already_shared":true,"jetpack_social_options":{"image_generator_settings":{"template":"highway","default_image_id":0,"font":"","enabled":false},"version":2}},"product_brand":[],"product_cat":[752348807],"product_tag":[752348835,752348805,752348994,752348996,752348909,752349067,752348799,752348796,752348822,752349085,752349080,752348828,752348794,752348829,752348802,752348808,752348797,752348800,752348801],"class_list":{"0":"post-1084","1":"product","2":"type-product","3":"status-publish","4":"has-post-thumbnail","6":"product_cat-patron-crochet-telechargeable","7":"product_tag-amigurumi-animaux","8":"product_tag-animaux-en-laine","9":"product_tag-crochet-facile-pour-debutant","10":"product_tag-decoration-chambre-enfant","11":"product_tag-decoration-pour-paques","12":"product_tag-dinosaure","13":"product_tag-diy","14":"product_tag-faire-soi-meme","15":"product_tag-fait-main","16":"product_tag-modele-au-crochet","17":"product_tag-motif-au-crochet","18":"product_tag-patron-crochet-en-francais","19":"product_tag-patron-telechargeable","20":"product_tag-pdf-numerique","21":"product_tag-peluche-animaux","22":"product_tag-peluche-crochetee","23":"product_tag-realiser-son-propre-amigurumi","24":"product_tag-tutoriel-au-crochet","25":"product_tag-tutoriel-en-francais","26":"has-single-img","28":"first","29":"instock","30":"downloadable","31":"virtual","32":"sold-individually","33":"purchasable","34":"product-type-simple"},"yoast_head":"<!-- This site is optimized with the Yoast SEO plugin v27.4 - https:\/\/yoast.com\/product\/yoast-seo-wordpress\/ -->\n<title>Patron amigurumi Dinosaure au crochet \u00e0 t\u00e9l\u00e9charger<\/title>\n<meta name=\"description\" content=\"DOM\u2019DINO Patron au crochet \u00e0 t\u00e9l\u00e9charger pour r\u00e9aliser son propre Amigurumi DINOSAURE peluche en laine Tutoriel en Francais\" \/>\n<meta name=\"robots\" content=\"index, follow, max-snippet:-1, max-image-preview:large, max-video-preview:-1\" \/>\n<link rel=\"canonical\" href=\"https:\/\/lescreasdelia.com\/?product=patron-amigurumi-dinosaure\" \/>\n<meta property=\"og:locale\" content=\"fr_FR\" \/>\n<meta property=\"og:type\" content=\"article\" \/>\n<meta property=\"og:title\" content=\"Patron amigurumi Dinosaure au crochet \u00e0 t\u00e9l\u00e9charger\" \/>\n<meta property=\"og:description\" content=\"DOM\u2019DINO Patron au crochet \u00e0 t\u00e9l\u00e9charger pour r\u00e9aliser son propre Amigurumi DINOSAURE peluche en laine Tutoriel en Francais\" \/>\n<meta property=\"og:url\" content=\"https:\/\/lescreasdelia.com\/?product=patron-amigurumi-dinosaure\" \/>\n<meta property=\"og:site_name\" content=\"Les Cr\u00e9as de Lia\" \/>\n<meta property=\"article:publisher\" content=\"https:\/\/www.facebook.com\/lescreasdeliafaitmain\/\" \/>\n<meta property=\"article:modified_time\" content=\"2025-04-28T06:53:49+00:00\" \/>\n<meta property=\"og:image\" content=\"https:\/\/lescreasdelia.com\/wp-content\/uploads\/2024\/04\/1000003994.jpg\" \/>\n\t<meta property=\"og:image:width\" content=\"1080\" \/>\n\t<meta property=\"og:image:height\" content=\"1080\" \/>\n\t<meta property=\"og:image:type\" content=\"image\/jpeg\" \/>\n<meta name=\"twitter:card\" content=\"summary_large_image\" \/>\n<meta name=\"twitter:label1\" content=\"Dur\u00e9e de lecture estim\u00e9e\" \/>\n\t<meta name=\"twitter:data1\" content=\"2 minutes\" \/>\n<script type=\"application\/ld+json\" class=\"yoast-schema-graph\">{\"@context\":\"https:\\\/\\\/schema.org\",\"@graph\":[{\"@type\":\"WebPage\",\"@id\":\"https:\\\/\\\/lescreasdelia.com\\\/?product=patron-amigurumi-dinosaure\",\"url\":\"https:\\\/\\\/lescreasdelia.com\\\/?product=patron-amigurumi-dinosaure\",\"name\":\"Patron amigurumi Dinosaure au crochet \u00e0 t\u00e9l\u00e9charger\",\"isPartOf\":{\"@id\":\"https:\\\/\\\/lescreasdelia.com\\\/#website\"},\"primaryImageOfPage\":{\"@id\":\"https:\\\/\\\/lescreasdelia.com\\\/?product=patron-amigurumi-dinosaure#primaryimage\"},\"image\":{\"@id\":\"https:\\\/\\\/lescreasdelia.com\\\/?product=patron-amigurumi-dinosaure#primaryimage\"},\"thumbnailUrl\":\"https:\\\/\\\/i0.wp.com\\\/lescreasdelia.com\\\/wp-content\\\/uploads\\\/2024\\\/04\\\/1000003994.jpg?fit=1080%2C1080&ssl=1\",\"datePublished\":\"2022-09-27T17:28:09+00:00\",\"dateModified\":\"2025-04-28T06:53:49+00:00\",\"description\":\"DOM\u2019DINO Patron au crochet \u00e0 t\u00e9l\u00e9charger pour r\u00e9aliser son propre Amigurumi DINOSAURE peluche en laine Tutoriel en Francais\",\"breadcrumb\":{\"@id\":\"https:\\\/\\\/lescreasdelia.com\\\/?product=patron-amigurumi-dinosaure#breadcrumb\"},\"inLanguage\":\"fr-FR\",\"potentialAction\":[{\"@type\":\"ReadAction\",\"target\":[\"https:\\\/\\\/lescreasdelia.com\\\/?product=patron-amigurumi-dinosaure\"]}]},{\"@type\":\"ImageObject\",\"inLanguage\":\"fr-FR\",\"@id\":\"https:\\\/\\\/lescreasdelia.com\\\/?product=patron-amigurumi-dinosaure#primaryimage\",\"url\":\"https:\\\/\\\/i0.wp.com\\\/lescreasdelia.com\\\/wp-content\\\/uploads\\\/2024\\\/04\\\/1000003994.jpg?fit=1080%2C1080&ssl=1\",\"contentUrl\":\"https:\\\/\\\/i0.wp.com\\\/lescreasdelia.com\\\/wp-content\\\/uploads\\\/2024\\\/04\\\/1000003994.jpg?fit=1080%2C1080&ssl=1\",\"width\":1080,\"height\":1080},{\"@type\":\"BreadcrumbList\",\"@id\":\"https:\\\/\\\/lescreasdelia.com\\\/?product=patron-amigurumi-dinosaure#breadcrumb\",\"itemListElement\":[{\"@type\":\"ListItem\",\"position\":1,\"name\":\"Accueil\",\"item\":\"https:\\\/\\\/lescreasdelia.com\\\/\"},{\"@type\":\"ListItem\",\"position\":2,\"name\":\"Boutique\",\"item\":\"https:\\\/\\\/lescreasdelia.com\\\/\"},{\"@type\":\"ListItem\",\"position\":3,\"name\":\"Patrons Amigurumis au Crochet\",\"item\":\"https:\\\/\\\/lescreasdelia.com\\\/?product_cat=patron-crochet-telechargeable\"},{\"@type\":\"ListItem\",\"position\":4,\"name\":\"Patron Crochet \u00e0 t\u00e9l\u00e9charger pour r\u00e9aliser sa propre peluche Dinosaure en laine\"}]},{\"@type\":\"WebSite\",\"@id\":\"https:\\\/\\\/lescreasdelia.com\\\/#website\",\"url\":\"https:\\\/\\\/lescreasdelia.com\\\/\",\"name\":\"Les Cr\u00e9as de Lia\",\"description\":\"BLOG DIY Crochet &amp; Boutique Patrons Amigurumis et Accessoires Fait-main\",\"publisher\":{\"@id\":\"https:\\\/\\\/lescreasdelia.com\\\/#organization\"},\"potentialAction\":[{\"@type\":\"SearchAction\",\"target\":{\"@type\":\"EntryPoint\",\"urlTemplate\":\"https:\\\/\\\/lescreasdelia.com\\\/?s={search_term_string}\"},\"query-input\":{\"@type\":\"PropertyValueSpecification\",\"valueRequired\":true,\"valueName\":\"search_term_string\"}}],\"inLanguage\":\"fr-FR\"},{\"@type\":\"Organization\",\"@id\":\"https:\\\/\\\/lescreasdelia.com\\\/#organization\",\"name\":\"Les Cr\u00e9as de Lia\",\"url\":\"https:\\\/\\\/lescreasdelia.com\\\/\",\"logo\":{\"@type\":\"ImageObject\",\"inLanguage\":\"fr-FR\",\"@id\":\"https:\\\/\\\/lescreasdelia.com\\\/#\\\/schema\\\/logo\\\/image\\\/\",\"url\":\"https:\\\/\\\/i0.wp.com\\\/lescreasdelia.com\\\/wp-content\\\/uploads\\\/2022\\\/05\\\/cropped-cropped-logo-1.jpg?fit=657%2C657&ssl=1\",\"contentUrl\":\"https:\\\/\\\/i0.wp.com\\\/lescreasdelia.com\\\/wp-content\\\/uploads\\\/2022\\\/05\\\/cropped-cropped-logo-1.jpg?fit=657%2C657&ssl=1\",\"width\":657,\"height\":657,\"caption\":\"Les Cr\u00e9as de Lia\"},\"image\":{\"@id\":\"https:\\\/\\\/lescreasdelia.com\\\/#\\\/schema\\\/logo\\\/image\\\/\"},\"sameAs\":[\"https:\\\/\\\/www.facebook.com\\\/lescreasdeliafaitmain\\\/\",\"https:\\\/\\\/www.instagram.com\\\/les_creas_de_lia\\\/\",\"https:\\\/\\\/pin.it\\\/r0pH1pr\"]}]}<\/script>\n<!-- \/ Yoast SEO plugin. -->","yoast_head_json":{"title":"Patron amigurumi Dinosaure au crochet \u00e0 t\u00e9l\u00e9charger","description":"DOM\u2019DINO Patron au crochet \u00e0 t\u00e9l\u00e9charger pour r\u00e9aliser son propre Amigurumi DINOSAURE peluche en laine Tutoriel en Francais","robots":{"index":"index","follow":"follow","max-snippet":"max-snippet:-1","max-image-preview":"max-image-preview:large","max-video-preview":"max-video-preview:-1"},"canonical":"https:\/\/lescreasdelia.com\/?product=patron-amigurumi-dinosaure","og_locale":"fr_FR","og_type":"article","og_title":"Patron amigurumi Dinosaure au crochet \u00e0 t\u00e9l\u00e9charger","og_description":"DOM\u2019DINO Patron au crochet \u00e0 t\u00e9l\u00e9charger pour r\u00e9aliser son propre Amigurumi DINOSAURE peluche en laine Tutoriel en Francais","og_url":"https:\/\/lescreasdelia.com\/?product=patron-amigurumi-dinosaure","og_site_name":"Les Cr\u00e9as de Lia","article_publisher":"https:\/\/www.facebook.com\/lescreasdeliafaitmain\/","article_modified_time":"2025-04-28T06:53:49+00:00","og_image":[{"width":1080,"height":1080,"url":"https:\/\/lescreasdelia.com\/wp-content\/uploads\/2024\/04\/1000003994.jpg","type":"image\/jpeg"}],"twitter_card":"summary_large_image","twitter_misc":{"Dur\u00e9e de lecture estim\u00e9e":"2 minutes"},"schema":{"@context":"https:\/\/schema.org","@graph":[{"@type":"WebPage","@id":"https:\/\/lescreasdelia.com\/?product=patron-amigurumi-dinosaure","url":"https:\/\/lescreasdelia.com\/?product=patron-amigurumi-dinosaure","name":"Patron amigurumi Dinosaure au crochet \u00e0 t\u00e9l\u00e9charger","isPartOf":{"@id":"https:\/\/lescreasdelia.com\/#website"},"primaryImageOfPage":{"@id":"https:\/\/lescreasdelia.com\/?product=patron-amigurumi-dinosaure#primaryimage"},"image":{"@id":"https:\/\/lescreasdelia.com\/?product=patron-amigurumi-dinosaure#primaryimage"},"thumbnailUrl":"https:\/\/i0.wp.com\/lescreasdelia.com\/wp-content\/uploads\/2024\/04\/1000003994.jpg?fit=1080%2C1080&ssl=1","datePublished":"2022-09-27T17:28:09+00:00","dateModified":"2025-04-28T06:53:49+00:00","description":"DOM\u2019DINO Patron au crochet \u00e0 t\u00e9l\u00e9charger pour r\u00e9aliser son propre Amigurumi DINOSAURE peluche en laine Tutoriel en Francais","breadcrumb":{"@id":"https:\/\/lescreasdelia.com\/?product=patron-amigurumi-dinosaure#breadcrumb"},"inLanguage":"fr-FR","potentialAction":[{"@type":"ReadAction","target":["https:\/\/lescreasdelia.com\/?product=patron-amigurumi-dinosaure"]}]},{"@type":"ImageObject","inLanguage":"fr-FR","@id":"https:\/\/lescreasdelia.com\/?product=patron-amigurumi-dinosaure#primaryimage","url":"https:\/\/i0.wp.com\/lescreasdelia.com\/wp-content\/uploads\/2024\/04\/1000003994.jpg?fit=1080%2C1080&ssl=1","contentUrl":"https:\/\/i0.wp.com\/lescreasdelia.com\/wp-content\/uploads\/2024\/04\/1000003994.jpg?fit=1080%2C1080&ssl=1","width":1080,"height":1080},{"@type":"BreadcrumbList","@id":"https:\/\/lescreasdelia.com\/?product=patron-amigurumi-dinosaure#breadcrumb","itemListElement":[{"@type":"ListItem","position":1,"name":"Accueil","item":"https:\/\/lescreasdelia.com\/"},{"@type":"ListItem","position":2,"name":"Boutique","item":"https:\/\/lescreasdelia.com\/"},{"@type":"ListItem","position":3,"name":"Patrons Amigurumis au Crochet","item":"https:\/\/lescreasdelia.com\/?product_cat=patron-crochet-telechargeable"},{"@type":"ListItem","position":4,"name":"Patron Crochet \u00e0 t\u00e9l\u00e9charger pour r\u00e9aliser sa propre peluche Dinosaure en laine"}]},{"@type":"WebSite","@id":"https:\/\/lescreasdelia.com\/#website","url":"https:\/\/lescreasdelia.com\/","name":"Les Cr\u00e9as de Lia","description":"BLOG DIY Crochet &amp; Boutique Patrons Amigurumis et Accessoires Fait-main","publisher":{"@id":"https:\/\/lescreasdelia.com\/#organization"},"potentialAction":[{"@type":"SearchAction","target":{"@type":"EntryPoint","urlTemplate":"https:\/\/lescreasdelia.com\/?s={search_term_string}"},"query-input":{"@type":"PropertyValueSpecification","valueRequired":true,"valueName":"search_term_string"}}],"inLanguage":"fr-FR"},{"@type":"Organization","@id":"https:\/\/lescreasdelia.com\/#organization","name":"Les Cr\u00e9as de Lia","url":"https:\/\/lescreasdelia.com\/","logo":{"@type":"ImageObject","inLanguage":"fr-FR","@id":"https:\/\/lescreasdelia.com\/#\/schema\/logo\/image\/","url":"https:\/\/i0.wp.com\/lescreasdelia.com\/wp-content\/uploads\/2022\/05\/cropped-cropped-logo-1.jpg?fit=657%2C657&ssl=1","contentUrl":"https:\/\/i0.wp.com\/lescreasdelia.com\/wp-content\/uploads\/2022\/05\/cropped-cropped-logo-1.jpg?fit=657%2C657&ssl=1","width":657,"height":657,"caption":"Les Cr\u00e9as de Lia"},"image":{"@id":"https:\/\/lescreasdelia.com\/#\/schema\/logo\/image\/"},"sameAs":["https:\/\/www.facebook.com\/lescreasdeliafaitmain\/","https:\/\/www.instagram.com\/les_creas_de_lia\/","https:\/\/pin.it\/r0pH1pr"]}]}},"jetpack_publicize_connections":[],"jetpack_likes_enabled":true,"jetpack_sharing_enabled":true,"jetpack-related-posts":[],"_links":{"self":[{"href":"https:\/\/lescreasdelia.com\/index.php?rest_route=\/wp\/v2\/product\/1084","targetHints":{"allow":["GET"]}}],"collection":[{"href":"https:\/\/lescreasdelia.com\/index.php?rest_route=\/wp\/v2\/product"}],"about":[{"href":"https:\/\/lescreasdelia.com\/index.php?rest_route=\/wp\/v2\/types\/product"}],"replies":[{"embeddable":true,"href":"https:\/\/lescreasdelia.com\/index.php?rest_route=%2Fwp%2Fv2%2Fcomments&post=1084"}],"version-history":[{"count":10,"href":"https:\/\/lescreasdelia.com\/index.php?rest_route=\/wp\/v2\/product\/1084\/revisions"}],"predecessor-version":[{"id":5618,"href":"https:\/\/lescreasdelia.com\/index.php?rest_route=\/wp\/v2\/product\/1084\/revisions\/5618"}],"wp:featuredmedia":[{"embeddable":true,"href":"https:\/\/lescreasdelia.com\/index.php?rest_route=\/wp\/v2\/media\/4780"}],"wp:attachment":[{"href":"https:\/\/lescreasdelia.com\/index.php?rest_route=%2Fwp%2Fv2%2Fmedia&parent=1084"}],"wp:term":[{"taxonomy":"product_brand","embeddable":true,"href":"https:\/\/lescreasdelia.com\/index.php?rest_route=%2Fwp%2Fv2%2Fproduct_brand&post=1084"},{"taxonomy":"product_cat","embeddable":true,"href":"https:\/\/lescreasdelia.com\/index.php?rest_route=%2Fwp%2Fv2%2Fproduct_cat&post=1084"},{"taxonomy":"product_tag","embeddable":true,"href":"https:\/\/lescreasdelia.com\/index.php?rest_route=%2Fwp%2Fv2%2Fproduct_tag&post=1084"}],"curies":[{"name":"wp","href":"https:\/\/api.w.org\/{rel}","templated":true}]}}