{"id":863,"date":"2022-10-04T21:38:47","date_gmt":"2022-10-04T19:38:47","guid":{"rendered":"https:\/\/lescreasdelia.com\/?page_id=863"},"modified":"2022-10-06T14:30:08","modified_gmt":"2022-10-06T12:30:08","slug":"mentions-legales","status":"publish","type":"page","link":"https:\/\/lescreasdelia.com\/?page_id=863","title":{"rendered":"Mentions l\u00e9gales"},"content":{"rendered":"\n<p class=\"wp-block-paragraph\">Le site <a href=\"http:\/\/lescreasdelia.com\/\">http:\/\/lescreasdelia.com\/<\/a> a \u00e9t\u00e9 cr\u00e9\u00e9 par Sanchez Carine,auto-entrepreneuse depuis Juin 2022.<\/p>\n\n\n\n<p class=\"wp-block-paragraph\">Cr\u00e9atrice : Les Cr\u00e9as de Lia <\/p>\n\n\n\n<p class=\"wp-block-paragraph\">Mail : lescreasdelia@outlook.fr <\/p>\n\n\n\n<p class=\"wp-block-paragraph\">Activit\u00e9s : Cr\u00e9ations au crochet et couture <\/p>\n\n\n\n<p class=\"wp-block-paragraph\">Siret : 91431127900014<\/p>\n\n\n\n<p class=\"wp-block-paragraph\">Le blog ainsi que la boutique en ligne sont h\u00e9berg\u00e9s par la plate forme wordpress et woocommerce. <br><\/p>\n","protected":false},"excerpt":{"rendered":"<p>Le site <a href=\"http:\/\/lescreasdelia.com\/\">http:\/\/lescreasdelia.com\/<\/a> a \u00e9t\u00e9 cr\u00e9\u00e9 par Sanchez Carine,auto-entrepreneuse depuis Juin 2022. Cr\u00e9atrice : Les Cr\u00e9as de Lia Mail : &hellip; <\/p>\n","protected":false},"author":219406501,"featured_media":0,"parent":0,"menu_order":0,"comment_status":"closed","ping_status":"closed","template":"","meta":{"_crdt_document":"","footnotes":""},"class_list":["post-863","page","type-page","status-publish","hentry","has-single-img"],"yoast_head":"<!-- This site is optimized with the Yoast SEO plugin v27.4 - https:\/\/yoast.com\/product\/yoast-seo-wordpress\/ -->\n<title>Mentions l\u00e9gales - Les Cr\u00e9as de Lia<\/title>\n<meta name=\"robots\" content=\"index, follow, max-snippet:-1, max-image-preview:large, max-video-preview:-1\" \/>\n<link rel=\"canonical\" href=\"https:\/\/lescreasdelia.com\/?page_id=863\" \/>\n<meta property=\"og:locale\" content=\"fr_FR\" \/>\n<meta property=\"og:type\" content=\"article\" \/>\n<meta property=\"og:title\" content=\"Mentions l\u00e9gales - Les Cr\u00e9as de Lia\" \/>\n<meta property=\"og:description\" content=\"Le site http:\/\/lescreasdelia.com\/ a \u00e9t\u00e9 cr\u00e9\u00e9 par Sanchez Carine,auto-entrepreneuse depuis Juin 2022. Cr\u00e9atrice : Les Cr\u00e9as de Lia Mail : &hellip;\" \/>\n<meta property=\"og:url\" content=\"https:\/\/lescreasdelia.com\/?page_id=863\" \/>\n<meta property=\"og:site_name\" content=\"Les Cr\u00e9as de Lia\" \/>\n<meta property=\"article:publisher\" content=\"https:\/\/www.facebook.com\/lescreasdeliafaitmain\/\" \/>\n<meta property=\"article:modified_time\" content=\"2022-10-06T12:30:08+00:00\" \/>\n<meta name=\"twitter:card\" content=\"summary_large_image\" \/>\n<meta name=\"twitter:label1\" content=\"Dur\u00e9e de lecture estim\u00e9e\" \/>\n\t<meta name=\"twitter:data1\" content=\"1 minute\" \/>\n<script type=\"application\/ld+json\" class=\"yoast-schema-graph\">{\"@context\":\"https:\\\/\\\/schema.org\",\"@graph\":[{\"@type\":\"WebPage\",\"@id\":\"https:\\\/\\\/lescreasdelia.com\\\/?page_id=863\",\"url\":\"https:\\\/\\\/lescreasdelia.com\\\/?page_id=863\",\"name\":\"Mentions l\u00e9gales - Les Cr\u00e9as de Lia\",\"isPartOf\":{\"@id\":\"https:\\\/\\\/lescreasdelia.com\\\/#website\"},\"datePublished\":\"2022-10-04T19:38:47+00:00\",\"dateModified\":\"2022-10-06T12:30:08+00:00\",\"breadcrumb\":{\"@id\":\"https:\\\/\\\/lescreasdelia.com\\\/?page_id=863#breadcrumb\"},\"inLanguage\":\"fr-FR\",\"potentialAction\":[{\"@type\":\"ReadAction\",\"target\":[\"https:\\\/\\\/lescreasdelia.com\\\/?page_id=863\"]}]},{\"@type\":\"BreadcrumbList\",\"@id\":\"https:\\\/\\\/lescreasdelia.com\\\/?page_id=863#breadcrumb\",\"itemListElement\":[{\"@type\":\"ListItem\",\"position\":1,\"name\":\"Accueil\",\"item\":\"https:\\\/\\\/lescreasdelia.com\\\/\"},{\"@type\":\"ListItem\",\"position\":2,\"name\":\"Mentions l\u00e9gales\"}]},{\"@type\":\"WebSite\",\"@id\":\"https:\\\/\\\/lescreasdelia.com\\\/#website\",\"url\":\"https:\\\/\\\/lescreasdelia.com\\\/\",\"name\":\"Les Cr\u00e9as de Lia\",\"description\":\"BLOG DIY Crochet &amp; Boutique Patrons Amigurumis et Accessoires Fait-main\",\"publisher\":{\"@id\":\"https:\\\/\\\/lescreasdelia.com\\\/#organization\"},\"potentialAction\":[{\"@type\":\"SearchAction\",\"target\":{\"@type\":\"EntryPoint\",\"urlTemplate\":\"https:\\\/\\\/lescreasdelia.com\\\/?s={search_term_string}\"},\"query-input\":{\"@type\":\"PropertyValueSpecification\",\"valueRequired\":true,\"valueName\":\"search_term_string\"}}],\"inLanguage\":\"fr-FR\"},{\"@type\":\"Organization\",\"@id\":\"https:\\\/\\\/lescreasdelia.com\\\/#organization\",\"name\":\"Les Cr\u00e9as de Lia\",\"url\":\"https:\\\/\\\/lescreasdelia.com\\\/\",\"logo\":{\"@type\":\"ImageObject\",\"inLanguage\":\"fr-FR\",\"@id\":\"https:\\\/\\\/lescreasdelia.com\\\/#\\\/schema\\\/logo\\\/image\\\/\",\"url\":\"https:\\\/\\\/i0.wp.com\\\/lescreasdelia.com\\\/wp-content\\\/uploads\\\/2022\\\/05\\\/cropped-cropped-logo-1.jpg?fit=657%2C657&ssl=1\",\"contentUrl\":\"https:\\\/\\\/i0.wp.com\\\/lescreasdelia.com\\\/wp-content\\\/uploads\\\/2022\\\/05\\\/cropped-cropped-logo-1.jpg?fit=657%2C657&ssl=1\",\"width\":657,\"height\":657,\"caption\":\"Les Cr\u00e9as de Lia\"},\"image\":{\"@id\":\"https:\\\/\\\/lescreasdelia.com\\\/#\\\/schema\\\/logo\\\/image\\\/\"},\"sameAs\":[\"https:\\\/\\\/www.facebook.com\\\/lescreasdeliafaitmain\\\/\",\"https:\\\/\\\/www.instagram.com\\\/les_creas_de_lia\\\/\",\"https:\\\/\\\/pin.it\\\/r0pH1pr\"]}]}<\/script>\n<!-- \/ Yoast SEO plugin. -->","yoast_head_json":{"title":"Mentions l\u00e9gales - Les Cr\u00e9as de Lia","robots":{"index":"index","follow":"follow","max-snippet":"max-snippet:-1","max-image-preview":"max-image-preview:large","max-video-preview":"max-video-preview:-1"},"canonical":"https:\/\/lescreasdelia.com\/?page_id=863","og_locale":"fr_FR","og_type":"article","og_title":"Mentions l\u00e9gales - Les Cr\u00e9as de Lia","og_description":"Le site http:\/\/lescreasdelia.com\/ a \u00e9t\u00e9 cr\u00e9\u00e9 par Sanchez Carine,auto-entrepreneuse depuis Juin 2022. Cr\u00e9atrice : Les Cr\u00e9as de Lia Mail : &hellip;","og_url":"https:\/\/lescreasdelia.com\/?page_id=863","og_site_name":"Les Cr\u00e9as de Lia","article_publisher":"https:\/\/www.facebook.com\/lescreasdeliafaitmain\/","article_modified_time":"2022-10-06T12:30:08+00:00","twitter_card":"summary_large_image","twitter_misc":{"Dur\u00e9e de lecture estim\u00e9e":"1 minute"},"schema":{"@context":"https:\/\/schema.org","@graph":[{"@type":"WebPage","@id":"https:\/\/lescreasdelia.com\/?page_id=863","url":"https:\/\/lescreasdelia.com\/?page_id=863","name":"Mentions l\u00e9gales - Les Cr\u00e9as de Lia","isPartOf":{"@id":"https:\/\/lescreasdelia.com\/#website"},"datePublished":"2022-10-04T19:38:47+00:00","dateModified":"2022-10-06T12:30:08+00:00","breadcrumb":{"@id":"https:\/\/lescreasdelia.com\/?page_id=863#breadcrumb"},"inLanguage":"fr-FR","potentialAction":[{"@type":"ReadAction","target":["https:\/\/lescreasdelia.com\/?page_id=863"]}]},{"@type":"BreadcrumbList","@id":"https:\/\/lescreasdelia.com\/?page_id=863#breadcrumb","itemListElement":[{"@type":"ListItem","position":1,"name":"Accueil","item":"https:\/\/lescreasdelia.com\/"},{"@type":"ListItem","position":2,"name":"Mentions l\u00e9gales"}]},{"@type":"WebSite","@id":"https:\/\/lescreasdelia.com\/#website","url":"https:\/\/lescreasdelia.com\/","name":"Les Cr\u00e9as de Lia","description":"BLOG DIY Crochet &amp; Boutique Patrons Amigurumis et Accessoires Fait-main","publisher":{"@id":"https:\/\/lescreasdelia.com\/#organization"},"potentialAction":[{"@type":"SearchAction","target":{"@type":"EntryPoint","urlTemplate":"https:\/\/lescreasdelia.com\/?s={search_term_string}"},"query-input":{"@type":"PropertyValueSpecification","valueRequired":true,"valueName":"search_term_string"}}],"inLanguage":"fr-FR"},{"@type":"Organization","@id":"https:\/\/lescreasdelia.com\/#organization","name":"Les Cr\u00e9as de Lia","url":"https:\/\/lescreasdelia.com\/","logo":{"@type":"ImageObject","inLanguage":"fr-FR","@id":"https:\/\/lescreasdelia.com\/#\/schema\/logo\/image\/","url":"https:\/\/i0.wp.com\/lescreasdelia.com\/wp-content\/uploads\/2022\/05\/cropped-cropped-logo-1.jpg?fit=657%2C657&ssl=1","contentUrl":"https:\/\/i0.wp.com\/lescreasdelia.com\/wp-content\/uploads\/2022\/05\/cropped-cropped-logo-1.jpg?fit=657%2C657&ssl=1","width":657,"height":657,"caption":"Les Cr\u00e9as de Lia"},"image":{"@id":"https:\/\/lescreasdelia.com\/#\/schema\/logo\/image\/"},"sameAs":["https:\/\/www.facebook.com\/lescreasdeliafaitmain\/","https:\/\/www.instagram.com\/les_creas_de_lia\/","https:\/\/pin.it\/r0pH1pr"]}]}},"jetpack_likes_enabled":true,"jetpack_sharing_enabled":true,"jetpack_shortlink":"https:\/\/wp.me\/PdRgqU-dV","jetpack-related-posts":[],"_links":{"self":[{"href":"https:\/\/lescreasdelia.com\/index.php?rest_route=\/wp\/v2\/pages\/863","targetHints":{"allow":["GET"]}}],"collection":[{"href":"https:\/\/lescreasdelia.com\/index.php?rest_route=\/wp\/v2\/pages"}],"about":[{"href":"https:\/\/lescreasdelia.com\/index.php?rest_route=\/wp\/v2\/types\/page"}],"author":[{"embeddable":true,"href":"https:\/\/lescreasdelia.com\/index.php?rest_route=\/wp\/v2\/users\/219406501"}],"replies":[{"embeddable":true,"href":"https:\/\/lescreasdelia.com\/index.php?rest_route=%2Fwp%2Fv2%2Fcomments&post=863"}],"version-history":[{"count":8,"href":"https:\/\/lescreasdelia.com\/index.php?rest_route=\/wp\/v2\/pages\/863\/revisions"}],"predecessor-version":[{"id":1345,"href":"https:\/\/lescreasdelia.com\/index.php?rest_route=\/wp\/v2\/pages\/863\/revisions\/1345"}],"wp:attachment":[{"href":"https:\/\/lescreasdelia.com\/index.php?rest_route=%2Fwp%2Fv2%2Fmedia&parent=863"}],"curies":[{"name":"wp","href":"https:\/\/api.w.org\/{rel}","templated":true}]}}